{"id":94,"date":"2021-01-11T20:52:18","date_gmt":"2021-01-11T20:52:18","guid":{"rendered":"https:\/\/aasiatoidupood.ee\/?post_type=product&#038;p=94"},"modified":"2025-05-01T20:25:31","modified_gmt":"2025-05-01T20:25:31","slug":"mama-sitas-lumpiang-shanghai-mix","status":"publish","type":"product","link":"https:\/\/aasiatoidupood.ee\/et\/toode\/mama-sitas-lumpiang-shanghai-mix\/","title":{"rendered":"Mama Sita&#8217;s Lumpiang Shanghai Mix"},"content":{"rendered":"<p>Praetud kevadrulli maitseainesegu.<\/p>\n<p><strong>Koostisosad:<\/strong><\/p>\n<p>Roosuhkur, k\u00fc\u00fcslaugupulber, sool, maisit\u00e4rklis, must pipar.<\/p>\n<p><strong>Valmistamine:<\/strong><\/p>\n<p>Segage Mama Sita kevadrullimaitseaine (Lumpiamg Shanghai) jahvatatud liha ja k\u00f6\u00f6giviljaga, mida eelistate.<\/p>\n<p>Retsept:<\/p>\n<p>Kevadrull: teeb (6-8 portsjonit)<\/p>\n<p>Koostisosad:<\/p>\n<p>1,1 naela (1\/2 kg) hakkliha<\/p>\n<p>1 1\/4 tassi (120 g) peeneks hakitud porgandit<\/p>\n<p>1 tass (120 g) peeneks hakitud sibulat<\/p>\n<p>2 spl (10g) peeneks hakitud rohelist sibulat<\/p>\n<p>1 lahti klopitud muna<\/p>\n<p>45 tk kevadrulli \u00fcmbrist (8\" l\u00e4bim\u00f5\u00f5duga)<\/p>\n<p>2 spl (20 g) universaalset jahu<\/p>\n<p>2 tassi (500 ml) toidu\u00f5li<\/p>\n<p>Sega kausis Mama Sita kevadrulli maitseaine (Lumpiamg Shanghai) segu, hakkliha, porgand, sibul ja lahtiklopitud muna.<\/p>\n<p>Sega korralikult l\u00e4bi, t\u00f5sta 1 spl segu kevadrulli \u00fcmbrisele ja keera tihedalt rulli. Sulgege servad vee v\u00f5i munavalgega. Korrake protsessi, kuni teil on 45 kevadrulli.<\/p>\n<p>L\u00f5ika rullid pooleks ja kasta m\u00f5lemad otsad jahusse.<\/p>\n<p>Prae kuumas \u00f5lis kuldpruuniks ja n\u00f5ruta paberr\u00e4tikul.<\/p>\n<p>Serveeri magusa t\u0161illikastme v\u00f5i magushapu kastmega.<\/p>\n<p>Aseaine: kanahakkliha, keedetud ja helbestatud kala.<\/p>\n<p><strong>Hoiustamine:<\/strong><\/p>\n<p>Hoida jahedas ja kuivas kohas.<\/p>\n<p><strong>Toitumisalane teave:<\/strong><\/p>\n<table>\n<tbody>\n<tr>\n<td>Energia<\/td>\n<td>1377J \/ 329kcal<\/td>\n<\/tr>\n<tr>\n<td>Rasvad<\/td>\n<td>0.9g<\/td>\n<\/tr>\n<tr>\n<td>\u00a0\u2013 millest k\u00fcllastunud<\/td>\n<td>0.0g<\/td>\n<\/tr>\n<tr>\n<td>S\u00fcsivesikuid<\/td>\n<td>77g<\/td>\n<\/tr>\n<tr>\n<td>\u00a0\u2013 millest suhkrud<\/td>\n<td>70g<\/td>\n<\/tr>\n<tr>\n<td>Kiudained<\/td>\n<td>0g<\/td>\n<\/tr>\n<tr>\n<td>Valgud:<\/td>\n<td>5.3g<\/td>\n<\/tr>\n<tr>\n<td>Sool<\/td>\n<td>15.2g<\/td>\n<\/tr>\n<\/tbody>\n<\/table>","protected":false},"excerpt":{"rendered":"<p>Fried spring roll seasoning mix. Ingredients: Cane sugar, garlic powder, salt, corn starch, black pepper. Preparation: Combine Mama Sita\u2019s Spring Roll Seasoning (Lumpiamg Shanghai) Mix to a ground meat and vegetable you prefer. Recipe: Spring roll : makes (6-8 serving) Ingredients: 1.1 lbs (1\/2kg) ground meat 1 1\/4 cups (120g)&hellip; <\/p>","protected":false},"featured_media":1076,"template":"","meta":[],"product_brand":[],"product_cat":[20],"product_tag":[],"class_list":{"0":"post-94","1":"product","2":"type-product","3":"status-publish","4":"has-post-thumbnail","6":"product_cat-seasoning","8":"first","9":"instock","10":"shipping-taxable","11":"purchasable","12":"product-type-simple"},"_links":{"self":[{"href":"https:\/\/aasiatoidupood.ee\/et\/wp-json\/wp\/v2\/product\/94","targetHints":{"allow":["GET"]}}],"collection":[{"href":"https:\/\/aasiatoidupood.ee\/et\/wp-json\/wp\/v2\/product"}],"about":[{"href":"https:\/\/aasiatoidupood.ee\/et\/wp-json\/wp\/v2\/types\/product"}],"wp:featuredmedia":[{"embeddable":true,"href":"https:\/\/aasiatoidupood.ee\/et\/wp-json\/wp\/v2\/media\/1076"}],"wp:attachment":[{"href":"https:\/\/aasiatoidupood.ee\/et\/wp-json\/wp\/v2\/media?parent=94"}],"wp:term":[{"taxonomy":"product_brand","embeddable":true,"href":"https:\/\/aasiatoidupood.ee\/et\/wp-json\/wp\/v2\/product_brand?post=94"},{"taxonomy":"product_cat","embeddable":true,"href":"https:\/\/aasiatoidupood.ee\/et\/wp-json\/wp\/v2\/product_cat?post=94"},{"taxonomy":"product_tag","embeddable":true,"href":"https:\/\/aasiatoidupood.ee\/et\/wp-json\/wp\/v2\/product_tag?post=94"}],"curies":[{"name":"wp","href":"https:\/\/api.w.org\/{rel}","templated":true}]}}