{"id":900,"date":"2021-07-22T22:36:50","date_gmt":"2021-07-22T22:36:50","guid":{"rendered":"https:\/\/aasiatoidupood.ee\/?post_type=product&#038;p=900"},"modified":"2025-05-31T22:14:03","modified_gmt":"2025-05-31T22:14:03","slug":"lobo-powder-for-fermenting-pork-nam-powder","status":"publish","type":"product","link":"https:\/\/aasiatoidupood.ee\/et\/toode\/lobo-powder-for-fermenting-pork-nam-powder\/","title":{"rendered":"Lobo pulber sealiha k\u00e4\u00e4ritamiseks (Nam pulber)"},"content":{"rendered":"<p>Nam pulbrisegu liha jaoks.<\/p>\n<p><strong>Kaubam\u00e4rk:<\/strong> Lobo<\/p>\n<p><strong>Netokaal:<\/strong> 70g<\/p>\n<p><strong>Koostisosad:<\/strong> Happesuse regulaatorid: E575, E327, dekstroos, sool, emulgaatorid: E451, E452, maitsetugevdaja: E621, antioks\u00fcdant: E316, s\u00e4ilitusaine: E250, v\u00fcrtsid.<\/p>\n<p><strong>Hoiustamine:<\/strong> Hoida kuivas kohas<\/p>\n<p><strong>Valmistamine:<\/strong> Haki 0,5 kg lahja sea v\u00e4lisfilee v\u00e4rskelt ja k\u00fclmalt. L\u00f5ika 250g keedetud sealiha v\u00e4ikesteks pikkadeks ribadeks, hoia kuivas ja k\u00fclmas. T\u00fchjendage m\u00f5lema pakendi sisu ja \u00fchendage k\u00f5ik koostisosad. Lisa 3 spl hakitud v\u00e4rsket k\u00fc\u00fcslauku ja 20-30 v\u00e4rsket punast t\u0161illipipart. S\u00f5tku, kuni segu muutub kleepuvaks. Pakkige tihedalt plastanumatesse, sulgege ja j\u00e4tke v\u00e4hemalt 24 tundi enne praadimist v\u00f5i grillimist.<\/p>\n<p><strong>Toitumisalane teave (100g kohta):<\/strong><\/p>\n<table>\n<tbody>\n<tr>\n<td>Energiasisaldus<\/td>\n<td>1431 kJ \/ 337 kcal<\/td>\n<\/tr>\n<tr>\n<td>Rasvad:<\/td>\n<td>0 g<\/td>\n<\/tr>\n<tr>\n<td>\u2013 millest k\u00fcllastunud:<\/td>\n<td>0 g<\/td>\n<\/tr>\n<tr>\n<td>S\u00fcsivesikud:<\/td>\n<td>81 g<\/td>\n<\/tr>\n<tr>\n<td>\u2013 millest suhkrud:<\/td>\n<td>28 g<\/td>\n<\/tr>\n<tr>\n<td>Valgud:<\/td>\n<td>2,1 g<\/td>\n<\/tr>\n<tr>\n<td>Sool:<\/td>\n<td>20 g<\/td>\n<\/tr>\n<\/tbody>\n<\/table>\n<p class=\"translation-block\"><strong>P\u00e4ritoluriik:<\/strong> Tai<\/p>\n<p><strong>Parim enne:<\/strong> Vaata pakendilt<\/p>\n<p><iframe loading=\"lazy\" title=\"NAM (FERMENTED PORK)\" width=\"1170\" height=\"658\" src=\"https:\/\/www.youtube.com\/embed\/XAoiKOVgRCE?feature=oembed\" frameborder=\"0\" allow=\"accelerometer; autoplay; clipboard-write; encrypted-media; gyroscope; picture-in-picture; web-share\" referrerpolicy=\"strict-origin-when-cross-origin\" allowfullscreen><\/iframe><\/p>","protected":false},"excerpt":{"rendered":"<p>Nam powder mix for meat. Brand: Lobo Net weight: 70g Ingredients: Acidity regulators: E575, E327, dextrose, salt, emulsifiers: E451, E452, flavour enhancer: E621, antioxidant: E316, preservative: E250, spices. Storage: Store in a dry place Preparation: Chop 0,5 kg lean pork sirloin fresh and cold. Cut 250g cooked pork rind into&hellip; <\/p>","protected":false},"featured_media":2334,"template":"","meta":[],"product_brand":[],"product_cat":[20],"product_tag":[],"class_list":{"0":"post-900","1":"product","2":"type-product","3":"status-publish","4":"has-post-thumbnail","6":"product_cat-seasoning","8":"first","9":"instock","10":"shipping-taxable","11":"purchasable","12":"product-type-simple"},"_links":{"self":[{"href":"https:\/\/aasiatoidupood.ee\/et\/wp-json\/wp\/v2\/product\/900","targetHints":{"allow":["GET"]}}],"collection":[{"href":"https:\/\/aasiatoidupood.ee\/et\/wp-json\/wp\/v2\/product"}],"about":[{"href":"https:\/\/aasiatoidupood.ee\/et\/wp-json\/wp\/v2\/types\/product"}],"wp:featuredmedia":[{"embeddable":true,"href":"https:\/\/aasiatoidupood.ee\/et\/wp-json\/wp\/v2\/media\/2334"}],"wp:attachment":[{"href":"https:\/\/aasiatoidupood.ee\/et\/wp-json\/wp\/v2\/media?parent=900"}],"wp:term":[{"taxonomy":"product_brand","embeddable":true,"href":"https:\/\/aasiatoidupood.ee\/et\/wp-json\/wp\/v2\/product_brand?post=900"},{"taxonomy":"product_cat","embeddable":true,"href":"https:\/\/aasiatoidupood.ee\/et\/wp-json\/wp\/v2\/product_cat?post=900"},{"taxonomy":"product_tag","embeddable":true,"href":"https:\/\/aasiatoidupood.ee\/et\/wp-json\/wp\/v2\/product_tag?post=900"}],"curies":[{"name":"wp","href":"https:\/\/api.w.org\/{rel}","templated":true}]}}