{"id":8807,"date":"2026-02-27T15:24:32","date_gmt":"2026-02-27T15:24:32","guid":{"rendered":"https:\/\/aasiatoidupood.ee\/?post_type=product&#038;p=8807"},"modified":"2026-03-01T00:33:22","modified_gmt":"2026-03-01T00:33:22","slug":"concentrated-brown-soup-fa-thai-270-ml","status":"publish","type":"product","link":"https:\/\/aasiatoidupood.ee\/et\/toode\/concentrated-brown-soup-fa-thai-270-ml\/","title":{"rendered":"Kontsentreeritud pruun supp Fa Thai 270 ml"},"content":{"rendered":"<p>Kontsentreeritud pruun supp Fa Thai 270 ml<\/p>\n<p><strong>Kaubam\u00e4rk:<\/strong> Fa Thai<\/p>\n<p><strong>Netokaal:<\/strong> 270ml<\/p>\n<p><strong>Koostisosad:<\/strong> Sool, suhkur, v\u00fcrtsid, must sojakaste (melass, vesi, sool, sojakaste), naatriumglutamaat, sojakaste (vesi, sojaoad, sool, nisu, suhkur), paksendaja (modifitseeritud tapiokit\u00e4rklis), looduslik v\u00e4rvaine (karamelliv\u00e4rv), dinaatriumguan\u00fclaat, dinaatriuminosinaat, magusaine (atsesulfaamkaalium), s\u00e4ilitusaine (kaaliumsorbaat)<\/p>\n<p><strong>Allergeenid:<\/strong> soja, nisu<\/p>\n<p><strong>Hoiustamine:<\/strong> Hoida p\u00e4ikesevalguse eest kaitstult. P\u00e4rast avamist hoida k\u00fclmkapis.<\/p>\n<p><strong>Valmistamine:<\/strong><\/p>\n<ol>\n<li>Keeda 54 tassi (12 liitrit) vett<\/li>\n<li>Lisa potti \u00fcks pakk kontsentreeritud nuudlisuppi. Seej\u00e4rel sega korralikult l\u00e4bi. Serveerimisvalmis.<\/li>\n<\/ol>\n<p>Salajane retsept maitsva supi jaoks<\/p>\n<ol>\n<li>Keeda 54 tassi (12 liitrit) vett<\/li>\n<li>Lisa potti kondid v\u00f5i liha. Hauta tasasel tulel 30 minutit.<\/li>\n<li>Lisa potti \u00fcks pakk kontsentreeritud nuudlisuppi. (Loputa paki \u00fclej\u00e4\u00e4nud osa kuuma veega l\u00e4bi.)<\/li>\n<li>Hauta madalal kuumusel. Lisa maitseaineid vastavalt soovile.<\/li>\n<li>Pane keedetud nuudlid, k\u00f6\u00f6giviljad ja liha kaussi. Vala kaussi pruun nuudlisupp ja puista peale frit\u00fc\u00fcritud k\u00fc\u00fcslauku, roheline sibulat ja koriandrit. Valmis serveerimiseks.<\/li>\n<\/ol>\n<p>Nam-Toki nuudlisupi retsept<\/p>\n<ul>\n<li>Vala potti 54 tassi (12 liitrit) lahjendatud pruuni nuudlisuppi.<\/li>\n<li>Lisa 198 g purustatud k\u00fc\u00fcslauku, 720 ml marineeritud k\u00fc\u00fcslauguvett, 15 koriandri juurt ja pandani lehte. Vala peale 480 ml kookospiima ja hauta, kuni rasv on lahustunud.<\/li>\n<li>V\u00e4henda kuumust ja lisa sealihaveri. (\u00c4ra lisa suppi keemise ajal, muidu veri h\u00fc\u00fcbib.)<\/li>\n<\/ul>\n<p><strong>Toitumisalane teave (100g kohta):<\/strong><\/p>\n<table>\n<tbody>\n<tr>\n<td>Energiasisaldus<\/td>\n<td>1473 kJ \/ 352 kcal<\/td>\n<\/tr>\n<tr>\n<td>Rasvad:<\/td>\n<td>0,7g<\/td>\n<\/tr>\n<tr>\n<td>\u2013 millest k\u00fcllastunud:<\/td>\n<td>0,3g<\/td>\n<\/tr>\n<tr>\n<td>S\u00fcsivesikud:<\/td>\n<td>79g<\/td>\n<\/tr>\n<tr>\n<td>\u2013 millest suhkrud:<\/td>\n<td>58g<\/td>\n<\/tr>\n<tr>\n<td>Valgud:<\/td>\n<td>7,5g<\/td>\n<\/tr>\n<tr>\n<td>Sool:<\/td>\n<td>25,7g<\/td>\n<\/tr>\n<\/tbody>\n<\/table>\n<p class=\"translation-block\"><strong>P\u00e4ritoluriik:<\/strong> Tai<\/p>\n<p><strong>Parim enne:<\/strong> Vaata pakendilt<\/p>","protected":false},"excerpt":{"rendered":"<p>Concentrated Brown Soup Fa Thai 270 ML Brand: Fa Thai Net weight: 270ml Ingredients: Salt, sugar, spices, black soy sauce (molasses, water, salt, soy sauce), Monosodium L-Glutamate, Soy Sauce (Water, soybean, salt, wheat, sugar), thickener (modified tapioca starch), natural color (caramel color), disodium guanylate, disodium inosinate, sweetener (acesulfame potassium), preservative&hellip; <\/p>","protected":false},"featured_media":8802,"template":"","meta":[],"product_brand":[],"product_cat":[20],"product_tag":[847],"class_list":{"0":"post-8807","1":"product","2":"type-product","3":"status-publish","4":"has-post-thumbnail","6":"product_cat-seasoning","7":"product_tag-concentrated-brown-soup-fa-thai-270-ml","9":"first","10":"instock","11":"shipping-taxable","12":"purchasable","13":"product-type-simple"},"_links":{"self":[{"href":"https:\/\/aasiatoidupood.ee\/et\/wp-json\/wp\/v2\/product\/8807","targetHints":{"allow":["GET"]}}],"collection":[{"href":"https:\/\/aasiatoidupood.ee\/et\/wp-json\/wp\/v2\/product"}],"about":[{"href":"https:\/\/aasiatoidupood.ee\/et\/wp-json\/wp\/v2\/types\/product"}],"wp:featuredmedia":[{"embeddable":true,"href":"https:\/\/aasiatoidupood.ee\/et\/wp-json\/wp\/v2\/media\/8802"}],"wp:attachment":[{"href":"https:\/\/aasiatoidupood.ee\/et\/wp-json\/wp\/v2\/media?parent=8807"}],"wp:term":[{"taxonomy":"product_brand","embeddable":true,"href":"https:\/\/aasiatoidupood.ee\/et\/wp-json\/wp\/v2\/product_brand?post=8807"},{"taxonomy":"product_cat","embeddable":true,"href":"https:\/\/aasiatoidupood.ee\/et\/wp-json\/wp\/v2\/product_cat?post=8807"},{"taxonomy":"product_tag","embeddable":true,"href":"https:\/\/aasiatoidupood.ee\/et\/wp-json\/wp\/v2\/product_tag?post=8807"}],"curies":[{"name":"wp","href":"https:\/\/api.w.org\/{rel}","templated":true}]}}