{"id":8794,"date":"2026-02-27T15:22:45","date_gmt":"2026-02-27T15:22:45","guid":{"rendered":"https:\/\/aasiatoidupood.ee\/?post_type=product&#038;p=8794"},"modified":"2026-02-28T22:15:06","modified_gmt":"2026-02-28T22:15:06","slug":"concentrated-clear-soup-fa-thai-270-ml","status":"publish","type":"product","link":"https:\/\/aasiatoidupood.ee\/et\/toode\/concentrated-clear-soup-fa-thai-270-ml\/","title":{"rendered":"Kontsentreeritud l\u00e4bipaistev Fa Thai supp 270 ml"},"content":{"rendered":"<p>Kontsentreeritud l\u00e4bipaistev Fa Thai supp 270 ml<\/p>\n<p><strong>Kaubam\u00e4rk:<\/strong> Fa Thai<\/p>\n<p><strong>Netokaal:<\/strong> 270ml<\/p>\n<p><strong>Koostisosad:<\/strong> Sool, suhkur, mononaatrium-L-glutamaat, v\u00fcrtsid, paksendaja (modifitseeritud tapiokit\u00e4rklis), sojakaste (vesi, sojaoad, sool, nisu, suhkur), dinaatriuminosinaat, magusaine (atsesulfaamkaalium), s\u00e4ilitusaine (kaaliumsorbaat)<\/p>\n<p><strong>Allergeenid:<\/strong> seller, sojaoad, piim, nisu<\/p>\n<p><strong>Hoiustamine:<\/strong> Hoida p\u00e4ikesevalguse eest kaitstult. P\u00e4rast avamist hoida k\u00fclmkapis.<\/p>\n<p><strong>Valmistamine:<\/strong><\/p>\n<ol>\n<li>Keeda 54 tassi (12 liitrit) vett<\/li>\n<li>Lisa potti \u00fcks pakk kontsentreeritud nuudlisuppi. Seej\u00e4rel sega korralikult l\u00e4bi. Serveerimisvalmis.<\/li>\n<\/ol>\n<p>Salajane retsept maitsva supi jaoks<\/p>\n<ol>\n<li>Keeda 54 tassi (12 liitrit) vett<\/li>\n<li>Lisa potti kondid v\u00f5i liha. Hauta tasasel tulel 30 minutit.<\/li>\n<li>Lisa potti \u00fcks pakk kontsentreeritud nuudlisuppi. (Loputa paki \u00fclej\u00e4\u00e4nud osa kuuma veega l\u00e4bi.)<\/li>\n<li>Lisa umbes 1 tass (240 ml) marineeritud k\u00fc\u00fcslauguvett.<\/li>\n<li>Hauta madalal kuumusel. Lisa maitseaineid vastavalt soovile.<\/li>\n<li>Pane keedetud nuudlid, k\u00f6\u00f6giviljad ja liha kaussi. Vala kaussi selge nuudlisupp ja puista peale frit\u00fc\u00fcritud k\u00fc\u00fcslauku, roheline sibulat ja koriandrit. Valmis serveerimiseks.<\/li>\n<\/ol>\n<p><strong>Toitumisalane teave (100g kohta):<\/strong><\/p>\n<table>\n<tbody>\n<tr>\n<td>Energiasisaldus<\/td>\n<td>883 kJ \/ 211 kcal<\/td>\n<\/tr>\n<tr>\n<td>Rasvad:<\/td>\n<td>0,5g<\/td>\n<\/tr>\n<tr>\n<td>\u2013 millest k\u00fcllastunud:<\/td>\n<td>0,2g<\/td>\n<\/tr>\n<tr>\n<td>S\u00fcsivesikud:<\/td>\n<td>46g<\/td>\n<\/tr>\n<tr>\n<td>\u2013 millest suhkrud:<\/td>\n<td>38g<\/td>\n<\/tr>\n<tr>\n<td>Valgud:<\/td>\n<td>6,2g<\/td>\n<\/tr>\n<tr>\n<td>Sool:<\/td>\n<td>33,1g<\/td>\n<\/tr>\n<\/tbody>\n<\/table>\n<p class=\"translation-block\"><strong>P\u00e4ritoluriik:<\/strong> Tai<\/p>\n<p><strong>Parim enne:<\/strong> 09.09.2027<\/p>","protected":false},"excerpt":{"rendered":"<p>Concentrated Clear Soup Fa Thai 270 ML Brand: Fa Thai Net weight: 270ml Ingredients: Salt, sugar, monosodium L-Glutamate, spices, thickener (modified tapioca starch), soy sauce (water, soybean, salt, wheat, sugar), disodium inosinate, sweetener (acesulfame potassium), preservative (potassium sorbate) Allergens: celery, soybean, milk, wheat Storage: Keep reach out of sunlight. Store&hellip; <\/p>","protected":false},"featured_media":8796,"template":"","meta":[],"product_brand":[],"product_cat":[20],"product_tag":[846],"class_list":{"0":"post-8794","1":"product","2":"type-product","3":"status-publish","4":"has-post-thumbnail","6":"product_cat-seasoning","7":"product_tag-concentrated-clear-soup-fa-thai-270-ml","9":"first","10":"instock","11":"shipping-taxable","12":"purchasable","13":"product-type-simple"},"_links":{"self":[{"href":"https:\/\/aasiatoidupood.ee\/et\/wp-json\/wp\/v2\/product\/8794","targetHints":{"allow":["GET"]}}],"collection":[{"href":"https:\/\/aasiatoidupood.ee\/et\/wp-json\/wp\/v2\/product"}],"about":[{"href":"https:\/\/aasiatoidupood.ee\/et\/wp-json\/wp\/v2\/types\/product"}],"wp:featuredmedia":[{"embeddable":true,"href":"https:\/\/aasiatoidupood.ee\/et\/wp-json\/wp\/v2\/media\/8796"}],"wp:attachment":[{"href":"https:\/\/aasiatoidupood.ee\/et\/wp-json\/wp\/v2\/media?parent=8794"}],"wp:term":[{"taxonomy":"product_brand","embeddable":true,"href":"https:\/\/aasiatoidupood.ee\/et\/wp-json\/wp\/v2\/product_brand?post=8794"},{"taxonomy":"product_cat","embeddable":true,"href":"https:\/\/aasiatoidupood.ee\/et\/wp-json\/wp\/v2\/product_cat?post=8794"},{"taxonomy":"product_tag","embeddable":true,"href":"https:\/\/aasiatoidupood.ee\/et\/wp-json\/wp\/v2\/product_tag?post=8794"}],"curies":[{"name":"wp","href":"https:\/\/api.w.org\/{rel}","templated":true}]}}