{"id":8511,"date":"2025-12-29T12:52:02","date_gmt":"2025-12-29T12:52:02","guid":{"rendered":"https:\/\/aasiatoidupood.ee\/?post_type=product&#038;p=8511"},"modified":"2026-03-28T01:01:32","modified_gmt":"2026-03-28T01:01:32","slug":"indonesian-mee-goreng-spice-paste-ahg-50g","status":"publish","type":"product","link":"https:\/\/aasiatoidupood.ee\/et\/toode\/indonesian-mee-goreng-spice-paste-ahg-50g\/","title":{"rendered":"Indoneesia Mee Goreng v\u00fcrtsipasta AHG 50g"},"content":{"rendered":"<p><strong>Kaubam\u00e4rk:<\/strong> Asian Home Gourmet (AHG)<\/p>\n<p><strong>Netokaal:<\/strong> 50g<\/p>\n<p><strong>Koostisosad:<\/strong> Tomatipasta, \u0161alottsibul, soja\u00f5li, sool, sojakaste (vesi, suhkur, sojaoad, sool, nisujahu), tamarind, k\u00fc\u00fcslauk, kuivatatud krevetid, suhkur, punane t\u0161illi, krevetipasta (krevetid, sool).<\/p>\n<p><strong>Allergeenid:<\/strong> soja, nisu, krevetid<\/p>\n<p><strong>Hoiustamine:<\/strong> Hoida kuivas ja otsese p\u00e4ikesevalguse eest kaitstult. P\u00e4rast avamist koheselt tarvitada.<\/p>\n<p><strong>Valmistamine:<\/strong><\/p>\n<p style=\"padding-left: 40px;\"><strong>Koostisosad (3 portsjonit)<\/strong><\/p>\n<ul>\n<li>1 pakk Indoneesia Mee Gorengi v\u00fcrtsipastat<\/li>\n<li>3 spl taime\u00f5li<\/li>\n<li>1 suur sibul, viilutatud<\/li>\n<li>250 g mereande<\/li>\n<li>150 g kuivatatud munanuudleid v\u00f5i Hokkieni nuudleid (nuudlite pehmendamiseks j\u00e4rgige pakendi juhiseid)<\/li>\n<li>2 tomatit, neljaks l\u00f5igatud<\/li>\n<li>1-2 muna, lahtiklopitud<\/li>\n<li>salatilehed garneeringuks (valikuline)<\/li>\n<\/ul>\n<p style=\"padding-left: 40px;\"><strong>Juhend:<\/strong><\/p>\n<ol>\n<li>Kuumuta \u00f5li mittenakkuva wokipannil v\u00f5i pannil keskmisel-k\u00f5rgel kuumusel. Lisa sibul ja mereannid ning prae 2 minutit.<\/li>\n<li>Lisa nuudlid ja v\u00fcrtsipasta. Prae 2 minutit. L\u00fckka segu woki \u00fchele k\u00fcljele.<\/li>\n<li>Lisa munad, kuumuta l\u00e4bi ja sega nuudlitega. Lisa tomatid ja prae veel minut aega.<\/li>\n<\/ol>\n<p><strong>Toitumisalane teave (100g kohta):<\/strong><\/p>\n<table>\n<tbody>\n<tr>\n<td>Energiasisaldus<\/td>\n<td>795 kJ \/ 190 kcal<\/td>\n<\/tr>\n<tr>\n<td>Rasvad:<\/td>\n<td>11g<\/td>\n<\/tr>\n<tr>\n<td>\u2013 millest k\u00fcllastunud:<\/td>\n<td>1,8g<\/td>\n<\/tr>\n<tr>\n<td>S\u00fcsivesikud:<\/td>\n<td>16g<\/td>\n<\/tr>\n<tr>\n<td>\u2013 millest suhkrud:<\/td>\n<td>8,3g<\/td>\n<\/tr>\n<tr>\n<td>Kiudained:<\/td>\n<td>5,3g<\/td>\n<\/tr>\n<tr>\n<td>Valgud:<\/td>\n<td>5,3g<\/td>\n<\/tr>\n<tr>\n<td>Sool:<\/td>\n<td>10,4g<\/td>\n<\/tr>\n<\/tbody>\n<\/table>\n<p class=\"translation-block\"><strong>P\u00e4ritoluriik:<\/strong> Tai<\/p>\n<p><strong>Parim enne:<\/strong> Vaata pakendilt<\/p>","protected":false},"excerpt":{"rendered":"<p>Brand: Asian Home Gourmet (AHG) Net weight: 50g Ingredients: Tomato paste, shallot, soybean oil, salt soy sauce (water, sugar, soybean, salt, wheat flour), tamarind, garlic, dried shrimp, sugar, red chilli, shrimp paste (shrimp, salt). Allergens: soy, wheat, shrimp Storage: Store in a dry place and protect from direct sunlight. Once&hellip; <\/p>","protected":false},"featured_media":8472,"template":"","meta":[],"product_brand":[],"product_cat":[20],"product_tag":[817],"class_list":{"0":"post-8511","1":"product","2":"type-product","3":"status-publish","4":"has-post-thumbnail","6":"product_cat-seasoning","7":"product_tag-indonesian-mee-goreng-spice-paste-ahg-50g","9":"first","10":"instock","11":"shipping-taxable","12":"purchasable","13":"product-type-simple"},"_links":{"self":[{"href":"https:\/\/aasiatoidupood.ee\/et\/wp-json\/wp\/v2\/product\/8511","targetHints":{"allow":["GET"]}}],"collection":[{"href":"https:\/\/aasiatoidupood.ee\/et\/wp-json\/wp\/v2\/product"}],"about":[{"href":"https:\/\/aasiatoidupood.ee\/et\/wp-json\/wp\/v2\/types\/product"}],"wp:featuredmedia":[{"embeddable":true,"href":"https:\/\/aasiatoidupood.ee\/et\/wp-json\/wp\/v2\/media\/8472"}],"wp:attachment":[{"href":"https:\/\/aasiatoidupood.ee\/et\/wp-json\/wp\/v2\/media?parent=8511"}],"wp:term":[{"taxonomy":"product_brand","embeddable":true,"href":"https:\/\/aasiatoidupood.ee\/et\/wp-json\/wp\/v2\/product_brand?post=8511"},{"taxonomy":"product_cat","embeddable":true,"href":"https:\/\/aasiatoidupood.ee\/et\/wp-json\/wp\/v2\/product_cat?post=8511"},{"taxonomy":"product_tag","embeddable":true,"href":"https:\/\/aasiatoidupood.ee\/et\/wp-json\/wp\/v2\/product_tag?post=8511"}],"curies":[{"name":"wp","href":"https:\/\/api.w.org\/{rel}","templated":true}]}}