{"id":8510,"date":"2025-12-29T12:50:32","date_gmt":"2025-12-29T12:50:32","guid":{"rendered":"https:\/\/aasiatoidupood.ee\/?post_type=product&#038;p=8510"},"modified":"2026-03-28T01:02:30","modified_gmt":"2026-03-28T01:02:30","slug":"cantonese-chow-mein-spice-paste-ahg-50g","status":"publish","type":"product","link":"https:\/\/aasiatoidupood.ee\/et\/toode\/cantonese-chow-mein-spice-paste-ahg-50g\/","title":{"rendered":"Kantoni Chow Mein v\u00fcrtsipasta AHG 50g"},"content":{"rendered":"<p><strong>Kaubam\u00e4rk:<\/strong> Asian Home Gourmet (AHG)<\/p>\n<p><strong>Netokaal:<\/strong> 50g<\/p>\n<p><strong>Koostisosad:<\/strong> \u0160alottsibul, soja\u00f5li, sool, tomatipasta, sojakaste (vesi, sojaoad, nisujahu, suhkur, sool), roheline sibul, k\u00fc\u00fcslauk, sibul, pipar, t\u0161illi, tume sojakaste (suhkur, sool, vesi, sojaoad, nisujahu), suhkur.<\/p>\n<p><strong>Allergeenid:<\/strong> soja, nisu<\/p>\n<p><strong>Hoiustamine:<\/strong> Hoida kuivas ja otsese p\u00e4ikesevalguse eest kaitstult. P\u00e4rast avamist koheselt tarvitada.<\/p>\n<p><strong>Valmistamine:<\/strong><\/p>\n<p style=\"padding-left: 40px;\"><strong>Koostisosad (4 portsjonit)<\/strong><\/p>\n<ul>\n<li>1 pakk kantoni chow meini v\u00fcrtsipastat<\/li>\n<li>3 spl taime\u00f5li<\/li>\n<li>200 g kuivatatud munanuudleid (nuudlite pehmendamiseks j\u00e4rgige pakendi juhiseid)<\/li>\n<li>200 g viilutatud liha v\u00f5i mereande (krevetid, kalmaar\/kalmaar v\u00f5i rannakarbid)<\/li>\n<li>100 g riivitud kapsa ja porgandi segu<\/li>\n<li>\u00f5hukeselt viilutatud rohelist sibulat v\u00f5i punase t\u0161illi ribasid kaunistuseks<\/li>\n<\/ul>\n<p style=\"padding-left: 40px;\"><strong>Juhend:<\/strong><\/p>\n<ol>\n<li>Kuumuta \u00f5li mittenakkuvas wokis keskmisel-k\u00f5rgel kuumusel<\/li>\n<li>Lisa liha v\u00f5i mereannid ja k\u00f6\u00f6giviljad, prae 3 minutit.<\/li>\n<li>Lisa nuudlid ja v\u00fcrtsipasta; prae 5 minutit v\u00f5i kuni need on k\u00fcpsed. Kaunista.<\/li>\n<\/ol>\n<p><strong>Toitumisalane teave (100g kohta):<\/strong><\/p>\n<table>\n<tbody>\n<tr>\n<td>Energiasisaldus<\/td>\n<td>694 kJ \/ 166 kcal<\/td>\n<\/tr>\n<tr>\n<td>Rasvad:<\/td>\n<td>13g<\/td>\n<\/tr>\n<tr>\n<td>\u2013 millest k\u00fcllastunud:<\/td>\n<td>2,1g<\/td>\n<\/tr>\n<tr>\n<td>S\u00fcsivesikud:<\/td>\n<td>9,2g<\/td>\n<\/tr>\n<tr>\n<td>\u2013 millest suhkrud:<\/td>\n<td>8,2g<\/td>\n<\/tr>\n<tr>\n<td>Kiudained:<\/td>\n<td>1,4g<\/td>\n<\/tr>\n<tr>\n<td>Valgud:<\/td>\n<td>2,9g<\/td>\n<\/tr>\n<tr>\n<td>Sool:<\/td>\n<td>16,3g<\/td>\n<\/tr>\n<\/tbody>\n<\/table>\n<p class=\"translation-block\"><strong>P\u00e4ritoluriik:<\/strong> Tai<\/p>\n<p><strong>Parim enne:<\/strong> Vaata pakendilt<\/p>","protected":false},"excerpt":{"rendered":"<p>Brand: Asian Home Gourmet (AHG) Net weight: 50g Ingredients: Shallot, soybean oil, salt, tomato paste, soy sauce (water, soybean, wheat flour, sugar, salt), spring onion, garlic, oinion, pepper, chilli, dark soy sauce (sugar, salt, water, soybean, wheat flour), sugar. Allergens: soy, wheat Storage: Store in a dry place and protect&hellip; <\/p>","protected":false},"featured_media":8471,"template":"","meta":[],"product_brand":[],"product_cat":[20],"product_tag":[816],"class_list":{"0":"post-8510","1":"product","2":"type-product","3":"status-publish","4":"has-post-thumbnail","6":"product_cat-seasoning","7":"product_tag-cantonese-chow-mein-spice-paste-ahg-50g","9":"first","10":"instock","11":"shipping-taxable","12":"purchasable","13":"product-type-simple"},"_links":{"self":[{"href":"https:\/\/aasiatoidupood.ee\/et\/wp-json\/wp\/v2\/product\/8510","targetHints":{"allow":["GET"]}}],"collection":[{"href":"https:\/\/aasiatoidupood.ee\/et\/wp-json\/wp\/v2\/product"}],"about":[{"href":"https:\/\/aasiatoidupood.ee\/et\/wp-json\/wp\/v2\/types\/product"}],"wp:featuredmedia":[{"embeddable":true,"href":"https:\/\/aasiatoidupood.ee\/et\/wp-json\/wp\/v2\/media\/8471"}],"wp:attachment":[{"href":"https:\/\/aasiatoidupood.ee\/et\/wp-json\/wp\/v2\/media?parent=8510"}],"wp:term":[{"taxonomy":"product_brand","embeddable":true,"href":"https:\/\/aasiatoidupood.ee\/et\/wp-json\/wp\/v2\/product_brand?post=8510"},{"taxonomy":"product_cat","embeddable":true,"href":"https:\/\/aasiatoidupood.ee\/et\/wp-json\/wp\/v2\/product_cat?post=8510"},{"taxonomy":"product_tag","embeddable":true,"href":"https:\/\/aasiatoidupood.ee\/et\/wp-json\/wp\/v2\/product_tag?post=8510"}],"curies":[{"name":"wp","href":"https:\/\/api.w.org\/{rel}","templated":true}]}}