{"id":6655,"date":"2024-12-30T22:50:11","date_gmt":"2024-12-30T22:50:11","guid":{"rendered":"https:\/\/aasiatoidupood.ee\/?post_type=product&#038;p=6655"},"modified":"2025-09-28T10:36:00","modified_gmt":"2025-09-28T10:36:00","slug":"aroy-d-tom-yum-1kg","status":"publish","type":"product","link":"https:\/\/aasiatoidupood.ee\/et\/toode\/aroy-d-tom-yum-1kg\/","title":{"rendered":"Aroy-D Tom Yum 1Kg"},"content":{"rendered":"<p><strong>Kaubam\u00e4rk:<\/strong> Aroy-D<\/p>\n<p><strong>Netokaal:<\/strong> 1kg<\/p>\n<p><strong>Koostisosad:<\/strong> Sidrunhein 24%, rafineeritud soja\u00f5li, \u0161alottsibul, suhkur, tamarindipasta, kuivatatud t\u0161illi, galangal, k\u00fc\u00fcslauk, sool, happesuse regulaator: sidrunhape (E330), kalakaste (an\u0161oovis, sool, vesi), maitsetugevdaja: mononaatriumglutamaat (E621), kaffirimp kaffiar.<\/p>\n<p><strong>Allergeenid:<\/strong> Soja, kala, krevetid<\/p>\n<p><strong>Hoiustamine:<\/strong> P\u00e4rast avamist hoida k\u00fclmkapis<\/p>\n<p><strong>Valmistamine:<\/strong><\/p>\n<p class=\"translation-block\">1. Keeda 2 tassi vett, kui see on keenud, pane 2-3 spl (50g) karripastat.<br>\n2. Pange 1\/4 tassi (15 g) galangalit, 1\/2 tassi (30 g) sidrunheina ja 3\/4 tassi (50 g) seeni, seej\u00e4rel j\u00e4tkake keetmist.<br>\n3. Oodake, kuni see keeb, lihtsalt pange 1 tass (200 g) krevette v\u00f5i oma lemmikliha (keemise ajal l\u00fclitage kuumus v\u00e4lja).<br>\n4. Vala peale 1\/2 supilusikat\u00e4it (7,5g) kalakastet ja 1\/2 spl (7,5g) laimimahla v\u00f5i vastavalt soovile.<br>\n5. Enne serveerimist pane lihtsalt peale 2-3 lehte kaffirlaimilehte ja m\u00f5ned h\u00e4sti l\u00f5igatud koriandrilehed.<\/p>\n<p><strong>Toitumisalane teave (100g kohta):<\/strong><\/p>\n<table>\n<tbody>\n<tr>\n<td>Energiasisaldus<\/td>\n<td>1131 kJ \/ 273 kcal<\/td>\n<\/tr>\n<tr>\n<td>Rasvad:<\/td>\n<td>21 g<\/td>\n<\/tr>\n<tr>\n<td>\u2013 millest k\u00fcllastunud:<\/td>\n<td>21 g<\/td>\n<\/tr>\n<tr>\n<td>S\u00fcsivesikud:<\/td>\n<td>14 g<\/td>\n<\/tr>\n<tr>\n<td>\u2013 millest suhkrud:<\/td>\n<td>14 g<\/td>\n<\/tr>\n<tr>\n<td>Valgud:<\/td>\n<td>4.1<\/td>\n<\/tr>\n<tr>\n<td>Sool:<\/td>\n<td>7.2<\/td>\n<\/tr>\n<\/tbody>\n<\/table>\n<p class=\"translation-block\"><strong>P\u00e4ritoluriik:<\/strong> Tai<\/p>\n<p><strong>Parim enne:<\/strong> Vaata pakendilt<\/p>","protected":false},"excerpt":{"rendered":"<p>Brand: Aroy-D Net weight: 1kg Ingredients: Lemon grass 24%, Refined soybean oil, Shallot, Sugar, Tamarind Paste, Dried chilli, Galangal, Garlic, Salt, Acidity regulator: Citric acid (E330), Fish sauce (Anchovy, Salt, Water), Flavour enhancer: Monosodium Glutamate (E621), Shrimp powder, Kaffir lime peel. Allergens: Soy, fish, shrimp Storage: After opening, store in&hellip; <\/p>","protected":false},"featured_media":6646,"template":"","meta":[],"product_brand":[],"product_cat":[20],"product_tag":[570],"class_list":{"0":"post-6655","1":"product","2":"type-product","3":"status-publish","4":"has-post-thumbnail","6":"product_cat-seasoning","7":"product_tag-aroy-d-tom-yum-1kg","9":"first","10":"outofstock","11":"shipping-taxable","12":"purchasable","13":"product-type-simple"},"_links":{"self":[{"href":"https:\/\/aasiatoidupood.ee\/et\/wp-json\/wp\/v2\/product\/6655","targetHints":{"allow":["GET"]}}],"collection":[{"href":"https:\/\/aasiatoidupood.ee\/et\/wp-json\/wp\/v2\/product"}],"about":[{"href":"https:\/\/aasiatoidupood.ee\/et\/wp-json\/wp\/v2\/types\/product"}],"wp:featuredmedia":[{"embeddable":true,"href":"https:\/\/aasiatoidupood.ee\/et\/wp-json\/wp\/v2\/media\/6646"}],"wp:attachment":[{"href":"https:\/\/aasiatoidupood.ee\/et\/wp-json\/wp\/v2\/media?parent=6655"}],"wp:term":[{"taxonomy":"product_brand","embeddable":true,"href":"https:\/\/aasiatoidupood.ee\/et\/wp-json\/wp\/v2\/product_brand?post=6655"},{"taxonomy":"product_cat","embeddable":true,"href":"https:\/\/aasiatoidupood.ee\/et\/wp-json\/wp\/v2\/product_cat?post=6655"},{"taxonomy":"product_tag","embeddable":true,"href":"https:\/\/aasiatoidupood.ee\/et\/wp-json\/wp\/v2\/product_tag?post=6655"}],"curies":[{"name":"wp","href":"https:\/\/api.w.org\/{rel}","templated":true}]}}