{"id":6612,"date":"2024-12-26T18:09:32","date_gmt":"2024-12-26T18:09:32","guid":{"rendered":"https:\/\/aasiatoidupood.ee\/?post_type=product&#038;p=6612"},"modified":"2026-04-02T09:13:12","modified_gmt":"2026-04-02T09:13:12","slug":"korean-food-style-korean-pancake-with-kimchi-300g","status":"publish","type":"product","link":"https:\/\/aasiatoidupood.ee\/et\/toode\/korean-food-style-korean-pancake-with-kimchi-300g\/","title":{"rendered":"Korean Food Style Korea pannkook kimchiga 300g"},"content":{"rendered":"<p>Korea toidustiilis Korea pannkook Kimchiga<\/p>\n<p><strong>Kaubam\u00e4rk:<\/strong> \u00a0 Korean Food Style<\/p>\n<p><strong>Netokaal:<\/strong> 300g<\/p>\n<p><strong>Koostisosad:<\/strong> kimchi 40,4%, koogijahu, vesi, praepulber (nisujahu, praadimissegu (t\u00e4rklis, sool, k\u00fc\u00fcslaugupulber, must pipar), maisipulber, kergitusaine: E500 (ii), E450 (i), r\u00f6stitud riisijahu), rapsi\u00f5li, sibul, porrulauk, hakitud k\u00fc\u00fcslauk, suhkur, sool.<\/p>\n<p><strong>Allergeenid:<\/strong> nisu<\/p>\n<p><strong>Hoiustamine:<\/strong> Hoida s\u00fcgavk\u00fclmas -18\u00b0C juures. \u00c4rge k\u00fclmutage p\u00e4rast sulatamist uuesti.<\/p>\n<p><strong>Valmistamine:<\/strong><\/p>\n<p>Pannil praadimine: lisage pannile \u00fcks lusikas \u00f5li, seej\u00e4rel pannkoogid ja k\u00fcpseta 3\u20135 minutit.<\/p>\n<p>Ahi: Kuumuta ahi p\u00f6\u00f6rleval kuumusel 180 \u00b0C-ni, seej\u00e4rel lase 8\u201310 minutit k\u00fcpseda, kuni pannkoogid on kuldpruunid.<\/p>\n<p><strong>Toitumisalane teave (100g kohta):<\/strong><\/p>\n<table>\n<tbody>\n<tr>\n<td>Energiasisaldus<\/td>\n<td>908 kJ\/ 217 kcal<\/td>\n<\/tr>\n<tr>\n<td>Rasvad:<\/td>\n<td>10g<\/td>\n<\/tr>\n<tr>\n<td>\u2013 millest k\u00fcllastunud:<\/td>\n<td>1.7g<\/td>\n<\/tr>\n<tr>\n<td>S\u00fcsivesikud:<\/td>\n<td>27g<\/td>\n<\/tr>\n<tr>\n<td>\u2013 millest suhkrud:<\/td>\n<td>0.2g<\/td>\n<\/tr>\n<tr>\n<td>Valgud:<\/td>\n<td>3.6g<\/td>\n<\/tr>\n<tr>\n<td>Sool:<\/td>\n<td>0.79g<\/td>\n<\/tr>\n<\/tbody>\n<\/table>\n<p><strong>P\u00e4ritolumaa:<\/strong> Korea<\/p>\n<p><strong>Parim enne:<\/strong> 14.01.2026<\/p>","protected":false},"excerpt":{"rendered":"<p>Korean Food Style Korean Pancake With Kimchi Brand: \u00a0 Korean Food Style Net weight: 300g Ingredients: kimchi 40.4%, cake flour, water, frying powder (wheat flour, frying mix (starch, salt, garlic powder, black pepper), corn powder, rasing agent: E500 (ii), E450 (i), roasted rice flour), canola oil, onion, leek, minced garlic,&hellip; <\/p>","protected":false},"featured_media":6607,"template":"","meta":[],"product_brand":[],"product_cat":[18],"product_tag":[558],"class_list":{"0":"post-6612","1":"product","2":"type-product","3":"status-publish","4":"has-post-thumbnail","6":"product_cat-frozen-goods","7":"product_tag-korean-food-style-korean-pancake-with-kimchi-300g","9":"first","10":"outofstock","11":"shipping-taxable","12":"purchasable","13":"product-type-simple"},"_links":{"self":[{"href":"https:\/\/aasiatoidupood.ee\/et\/wp-json\/wp\/v2\/product\/6612","targetHints":{"allow":["GET"]}}],"collection":[{"href":"https:\/\/aasiatoidupood.ee\/et\/wp-json\/wp\/v2\/product"}],"about":[{"href":"https:\/\/aasiatoidupood.ee\/et\/wp-json\/wp\/v2\/types\/product"}],"wp:featuredmedia":[{"embeddable":true,"href":"https:\/\/aasiatoidupood.ee\/et\/wp-json\/wp\/v2\/media\/6607"}],"wp:attachment":[{"href":"https:\/\/aasiatoidupood.ee\/et\/wp-json\/wp\/v2\/media?parent=6612"}],"wp:term":[{"taxonomy":"product_brand","embeddable":true,"href":"https:\/\/aasiatoidupood.ee\/et\/wp-json\/wp\/v2\/product_brand?post=6612"},{"taxonomy":"product_cat","embeddable":true,"href":"https:\/\/aasiatoidupood.ee\/et\/wp-json\/wp\/v2\/product_cat?post=6612"},{"taxonomy":"product_tag","embeddable":true,"href":"https:\/\/aasiatoidupood.ee\/et\/wp-json\/wp\/v2\/product_tag?post=6612"}],"curies":[{"name":"wp","href":"https:\/\/api.w.org\/{rel}","templated":true}]}}