{"id":5813,"date":"2024-07-15T18:07:04","date_gmt":"2024-07-15T18:07:04","guid":{"rendered":"https:\/\/aasiatoidupood.ee\/?post_type=product&#038;p=5813"},"modified":"2025-06-24T18:00:17","modified_gmt":"2025-06-24T18:00:17","slug":"spring-happiness-straw-mushrooms-425g","status":"publish","type":"product","link":"https:\/\/aasiatoidupood.ee\/et\/toode\/spring-happiness-straw-mushrooms-425g\/","title":{"rendered":"Spring Happiness \u00f5lgseened 425g"},"content":{"rendered":"<p>\u00d5lgseened on pikad, \u00f5hukesed seened, millel on iseloomulik terav k\u00fcbar. See seen on maheda ja mullase maitsega ning sobib h\u00e4sti friikartulitele v\u00f5i suppidele.<\/p>\n<p><strong>Kaubam\u00e4rk:<\/strong> Spring Happiness<\/p>\n<p><strong>Netokaal:<\/strong> 425g<\/p>\n<p><strong>Koostisosad:<\/strong> Vesi, \u00f5lgseened 47% (volvariella volvacea), sool, s\u00e4ilitusaine: sidrunhape.<\/p>\n<p><strong>Hoiustamine:<\/strong> P\u00e4rast avamist viia toode teise anumasse, hoida k\u00fclmkapis ja tarbida 12 tunni jooksul.<\/p>\n<p><strong>Toitumisalane teave (100g kohta):<\/strong><\/p>\n<table>\n<tbody>\n<tr>\n<td>Energiasisaldus<\/td>\n<td>102 kJ \/ 24 kcal<\/td>\n<\/tr>\n<tr>\n<td>Rasvad:<\/td>\n<td>0 g<\/td>\n<\/tr>\n<tr>\n<td>\u2013 millest k\u00fcllastunud:<\/td>\n<td>0 g<\/td>\n<\/tr>\n<tr>\n<td>S\u00fcsivesikud:<\/td>\n<td>4 g<\/td>\n<\/tr>\n<tr>\n<td>\u2013 millest suhkrud:<\/td>\n<td>0 g<\/td>\n<\/tr>\n<tr>\n<td>Valgud:<\/td>\n<td>2 g<\/td>\n<\/tr>\n<tr>\n<td>Sool:<\/td>\n<td>1,4 g<\/td>\n<\/tr>\n<\/tbody>\n<\/table>\n<p><strong>P\u00e4ritolumaa:<\/strong> Hiina<\/p>\n<p><strong>Parim enne:<\/strong> Vaata pakendilt<\/p>","protected":false},"excerpt":{"rendered":"<p>Straw mushrooms are long, thin mushrooms with a distinctive pointed cap. This mushroom tastes mild and earthy and is a tasty addition to stir-fries or soups. Brand: Spring Happiness Net weight: 425g Ingredients: Water, straw mushrooms 47% (volvariella volvacea), salt, preservative: citric acid. Storage: After opening transfer product into an&hellip; <\/p>","protected":false},"featured_media":5814,"template":"","meta":[],"product_brand":[],"product_cat":[15],"product_tag":[464],"class_list":{"0":"post-5813","1":"product","2":"type-product","3":"status-publish","4":"has-post-thumbnail","6":"product_cat-cans-pickled-dried-bottled-products","7":"product_tag-spring-happiness-straw-mushrooms-425g","9":"first","10":"instock","11":"shipping-taxable","12":"purchasable","13":"product-type-simple"},"_links":{"self":[{"href":"https:\/\/aasiatoidupood.ee\/et\/wp-json\/wp\/v2\/product\/5813","targetHints":{"allow":["GET"]}}],"collection":[{"href":"https:\/\/aasiatoidupood.ee\/et\/wp-json\/wp\/v2\/product"}],"about":[{"href":"https:\/\/aasiatoidupood.ee\/et\/wp-json\/wp\/v2\/types\/product"}],"wp:featuredmedia":[{"embeddable":true,"href":"https:\/\/aasiatoidupood.ee\/et\/wp-json\/wp\/v2\/media\/5814"}],"wp:attachment":[{"href":"https:\/\/aasiatoidupood.ee\/et\/wp-json\/wp\/v2\/media?parent=5813"}],"wp:term":[{"taxonomy":"product_brand","embeddable":true,"href":"https:\/\/aasiatoidupood.ee\/et\/wp-json\/wp\/v2\/product_brand?post=5813"},{"taxonomy":"product_cat","embeddable":true,"href":"https:\/\/aasiatoidupood.ee\/et\/wp-json\/wp\/v2\/product_cat?post=5813"},{"taxonomy":"product_tag","embeddable":true,"href":"https:\/\/aasiatoidupood.ee\/et\/wp-json\/wp\/v2\/product_tag?post=5813"}],"curies":[{"name":"wp","href":"https:\/\/api.w.org\/{rel}","templated":true}]}}