{"id":3643,"date":"2023-01-16T20:12:21","date_gmt":"2023-01-16T20:12:21","guid":{"rendered":"https:\/\/aasiatoidupood.ee\/?post_type=product&#038;p=3643"},"modified":"2025-05-24T08:14:38","modified_gmt":"2025-05-24T08:14:38","slug":"vegetable-tom-yum-set-114g","status":"publish","type":"product","link":"https:\/\/aasiatoidupood.ee\/et\/toode\/vegetable-tom-yum-set-114g\/","title":{"rendered":"K\u00f6\u00f6giviljade Tom Yum komplekt 114g"},"content":{"rendered":"<p>Kiirk\u00fclmutatud k\u00f6\u00f6giviljade Tom Yum komplekt.<\/p>\n<p><strong>Kaubam\u00e4rk:<\/strong> Asian Choice<\/p>\n<p><strong>Netokaal:<\/strong> 114g<\/p>\n<p><strong>Koostisosad:<\/strong> Galangal 39,5%, sidrunhein 39,5%, t\u0161illi 12%, kaffir laimi lehed 9%,<\/p>\n<p><strong>Hoiustamine:<\/strong> Hoida temperatuuril -18 \u00b0C. \u00c4rge k\u00fclmutage p\u00e4rast sulatamist.<\/p>\n<p><strong>Toitumisalane teave (100g kohta):<\/strong><\/p>\n<table>\n<tbody>\n<tr>\n<td>Energiasisaldus<\/td>\n<td>314 kJ \/ 74 kcal<\/td>\n<\/tr>\n<tr>\n<td>Rasvad:<\/td>\n<td>0g<\/td>\n<\/tr>\n<tr>\n<td>\u2013 millest k\u00fcllastunud:<\/td>\n<td>0g<\/td>\n<\/tr>\n<tr>\n<td>S\u00fcsivesikud:<\/td>\n<td>17g<\/td>\n<\/tr>\n<tr>\n<td>\u2013 millest suhkrud:<\/td>\n<td>0g<\/td>\n<\/tr>\n<tr>\n<td>Valgud:<\/td>\n<td>1g<\/td>\n<\/tr>\n<tr>\n<td>Sool:<\/td>\n<td>0.03g<\/td>\n<\/tr>\n<\/tbody>\n<\/table>\n<p class=\"translation-block\"><strong>P\u00e4ritoluriik:<\/strong> Tai<\/p>\n<p><strong>Parim enne:<\/strong> Vaata pakendilt<\/p>","protected":false},"excerpt":{"rendered":"<p>Quick frozen vegetable Tom Yum Set. Brand: Asian Choice Net weight: 114g Ingredients: Galangal 39.5%, lemon grass 39.5%, chilli 12%, kaffir lime leaves 9%, Storage: at -18\u00b0C. Do not freeze after defrosting Nutritional information (per 100g): Energy: 314 kJ \/ 74 kcal Fat: 0g &#8211; of which saturates: 0g Carbohydrates:&hellip; <\/p>","protected":false},"featured_media":3629,"template":"","meta":[],"product_brand":[],"product_cat":[18],"product_tag":[236],"class_list":{"0":"post-3643","1":"product","2":"type-product","3":"status-publish","4":"has-post-thumbnail","6":"product_cat-frozen-goods","7":"product_tag-vegetable-tom-yum-set-114g","9":"first","10":"instock","11":"shipping-taxable","12":"purchasable","13":"product-type-simple"},"_links":{"self":[{"href":"https:\/\/aasiatoidupood.ee\/et\/wp-json\/wp\/v2\/product\/3643","targetHints":{"allow":["GET"]}}],"collection":[{"href":"https:\/\/aasiatoidupood.ee\/et\/wp-json\/wp\/v2\/product"}],"about":[{"href":"https:\/\/aasiatoidupood.ee\/et\/wp-json\/wp\/v2\/types\/product"}],"wp:featuredmedia":[{"embeddable":true,"href":"https:\/\/aasiatoidupood.ee\/et\/wp-json\/wp\/v2\/media\/3629"}],"wp:attachment":[{"href":"https:\/\/aasiatoidupood.ee\/et\/wp-json\/wp\/v2\/media?parent=3643"}],"wp:term":[{"taxonomy":"product_brand","embeddable":true,"href":"https:\/\/aasiatoidupood.ee\/et\/wp-json\/wp\/v2\/product_brand?post=3643"},{"taxonomy":"product_cat","embeddable":true,"href":"https:\/\/aasiatoidupood.ee\/et\/wp-json\/wp\/v2\/product_cat?post=3643"},{"taxonomy":"product_tag","embeddable":true,"href":"https:\/\/aasiatoidupood.ee\/et\/wp-json\/wp\/v2\/product_tag?post=3643"}],"curies":[{"name":"wp","href":"https:\/\/api.w.org\/{rel}","templated":true}]}}