{"id":354,"date":"2021-05-11T12:23:19","date_gmt":"2021-05-11T12:23:19","guid":{"rendered":"https:\/\/aasiatoidupood.ee\/?post_type=product&#038;p=354"},"modified":"2025-05-03T08:54:18","modified_gmt":"2025-05-03T08:54:18","slug":"dodo-fish-assortment-for-hot-pot-300g","status":"publish","type":"product","link":"https:\/\/aasiatoidupood.ee\/et\/toode\/dodo-fish-assortment-for-hot-pot-300g\/","title":{"rendered":"Dodo &#8211; Fish Assortment for Hot Pot, 300g , Seafood"},"content":{"rendered":"<p><strong>Netokaal:<\/strong> 300g<\/p>\n<p><strong>Koostisosad:<\/strong> Kalaliha (Nemipterus Spp, suhkur, munavalge, stabilisaatorid: (E450, E451, E452), vesi, taime\u00f5li (palmi\u00f5li, rafineeritud soja\u00f5li), tofu (vesi, isoleeritud sojaproteiin, palmi\u00f5li), k\u00f6\u00f6giviljad, oad, sibul, porgandid, valge, tibu. Suhkur, sool, tapiokit\u00e4rklis, maisit\u00e4rklis, maitsetugevdaja<\/p>\n<p><strong>Allergeenid:<\/strong> kala, muna, soja<\/p>\n<p><strong>Hoiustamine:<\/strong> Hoida k\u00fclmutatud temperatuuril -18\u00baC v\u00f5i alla selle, mitte p\u00e4rast sulatamist uuesti k\u00fclmutada.<\/p>\n<p><strong>Valmistamine:<\/strong> Keeda 100\u00baC vees 10 minutit v\u00f5i prae \u00f5lis 170\u00baC juures kuldpruuniks.<\/p>\n<p><strong>Toitumisalane teave (100g kohta):<\/strong><\/p>\n<table>\n<tbody>\n<tr>\n<td>Kalorid<\/td>\n<td>504kJ \/ 120kcal<\/td>\n<\/tr>\n<tr>\n<td>Total Fat<\/td>\n<td>5g<\/td>\n<\/tr>\n<tr>\n<td>- millest k\u00fcllastunud rasvhapped<\/td>\n<td>1g<\/td>\n<\/tr>\n<tr>\n<td>S\u00fcsivesikuid<\/td>\n<td>13g<\/td>\n<\/tr>\n<tr>\n<td>\u2013 millest suhkrud<\/td>\n<td>4g<\/td>\n<\/tr>\n<tr>\n<td>Valgud:<\/td>\n<td>7g<\/td>\n<\/tr>\n<tr>\n<td>Sool:<\/td>\n<td>2.3g<\/td>\n<\/tr>\n<\/tbody>\n<\/table>\n<p><strong>P\u00e4ritolumaa:<\/strong> Singapur<\/p>\n<p><strong>Parim enne:<\/strong> Vaata pakendilt<\/p>","protected":false},"excerpt":{"rendered":"<p>Net weight: 300g Ingredients: Fish Meat, (Nemipterus Spp, Sugar, Egg White, Stabilizers: (E450, E451, E452), Water, Vegetable Oil (Palm Oil, Refined Soy Oil), Tofu (Water, Isolated Soy Protein, Palm Oil), Vegetables , Beans, Carrots, White Onion, Black Fungus, Garlic), Modified Tapioca Starch, Sugar, Salt, Tapioca Starch, Corn Starch, Flavor Enhancer&hellip; <\/p>","protected":false},"featured_media":959,"template":"","meta":[],"product_brand":[],"product_cat":[18],"product_tag":[],"class_list":{"0":"post-354","1":"product","2":"type-product","3":"status-publish","4":"has-post-thumbnail","6":"product_cat-frozen-goods","7":"product_shipping_class-pickup-only","9":"first","10":"instock","11":"shipping-taxable","12":"purchasable","13":"product-type-simple"},"_links":{"self":[{"href":"https:\/\/aasiatoidupood.ee\/et\/wp-json\/wp\/v2\/product\/354","targetHints":{"allow":["GET"]}}],"collection":[{"href":"https:\/\/aasiatoidupood.ee\/et\/wp-json\/wp\/v2\/product"}],"about":[{"href":"https:\/\/aasiatoidupood.ee\/et\/wp-json\/wp\/v2\/types\/product"}],"wp:featuredmedia":[{"embeddable":true,"href":"https:\/\/aasiatoidupood.ee\/et\/wp-json\/wp\/v2\/media\/959"}],"wp:attachment":[{"href":"https:\/\/aasiatoidupood.ee\/et\/wp-json\/wp\/v2\/media?parent=354"}],"wp:term":[{"taxonomy":"product_brand","embeddable":true,"href":"https:\/\/aasiatoidupood.ee\/et\/wp-json\/wp\/v2\/product_brand?post=354"},{"taxonomy":"product_cat","embeddable":true,"href":"https:\/\/aasiatoidupood.ee\/et\/wp-json\/wp\/v2\/product_cat?post=354"},{"taxonomy":"product_tag","embeddable":true,"href":"https:\/\/aasiatoidupood.ee\/et\/wp-json\/wp\/v2\/product_tag?post=354"}],"curies":[{"name":"wp","href":"https:\/\/api.w.org\/{rel}","templated":true}]}}