{"id":3441,"date":"2022-12-16T14:52:06","date_gmt":"2022-12-16T14:52:06","guid":{"rendered":"https:\/\/aasiatoidupood.ee\/?post_type=product&#038;p=3441"},"modified":"2025-06-30T22:24:58","modified_gmt":"2025-06-30T22:24:58","slug":"spaghetti-sauce-sweet-style-560g","status":"publish","type":"product","link":"https:\/\/aasiatoidupood.ee\/et\/toode\/spaghetti-sauce-sweet-style-560g\/","title":{"rendered":"Spagetikaste \u2013 magusas stiilis 560g"},"content":{"rendered":"<p><strong>Kaubam\u00e4rk:<\/strong> Del Monte<\/p>\n<p><strong>Netokaal:<\/strong> 560g<\/p>\n<p><strong>Koostisosad:<\/strong> Vesi, tomatipasta (28,5%), suhkur, kontsentraadist valmistatud selitatud ananassimahl, sojakaste (soja), \u00e4\u00e4dikas, taime\u00f5li (p\u00e4evalille\u00f5li), riisit\u00e4rklis, sool, suitsupaprika, k\u00fc\u00fcslauk, paksendaja: ksantaankummi, antioks\u00fcdant: L-askorbiinhape, must pipar, v\u00e4rvaine: karmiin.<\/p>\n<p><strong>Allergeenid:<\/strong> Sojakaste, soja<\/p>\n<p><strong>Hoiustamine: <\/strong>Hoida jahedas ja kuivas kohas. P\u00e4rast avamist katta kinni ja hoida k\u00fclmkapis. Tarbida 3-4 p\u00e4eva jooksul.<\/p>\n<p><strong>Toitumisalane teave (100g kohta):<\/strong><\/p>\n<table>\n<tbody>\n<tr>\n<td>Energiasisaldus<\/td>\n<td>509 kJ \/ 121 kcal<\/td>\n<\/tr>\n<tr>\n<td>Rasvad:<\/td>\n<td>2,2 g<\/td>\n<\/tr>\n<tr>\n<td>\u2013 millest k\u00fcllastunud:<\/td>\n<td>0,2 g<\/td>\n<\/tr>\n<tr>\n<td>S\u00fcsivesikud:<\/td>\n<td>22 g<\/td>\n<\/tr>\n<tr>\n<td>\u2013 millest suhkrud:<\/td>\n<td>21 g<\/td>\n<\/tr>\n<tr>\n<td>Kiudained:<\/td>\n<td>1,3 g<\/td>\n<\/tr>\n<tr>\n<td>Valgud:<\/td>\n<td>1,9 g<\/td>\n<\/tr>\n<tr>\n<td>Sool:<\/td>\n<td>1,2 g<\/td>\n<\/tr>\n<\/tbody>\n<\/table>\n<p><strong>P\u00e4ritolumaa:<\/strong> Kreeka<\/p>\n<p><strong>Parim enne:<\/strong> Vaata pakendilt<\/p>","protected":false},"excerpt":{"rendered":"<p>Brand: Del Monte Net weight: 560g Ingredients: Water, Tomato paste (28,5%), Sugar, Clarifiedpineapple juice from concentrate, soy sauce (Soya), Vinegar, Vegetable oil (sunflower), Rice starch, Salt, Smoked paprika, Garlic, Thickener: Xanthan gum, Antioxidant: L-Ascorbic acid, Black pepper, Colour: Carmine. Allergens: Soy sauce, Soya Storage: Store in a cool dry place.&hellip; <\/p>","protected":false},"featured_media":3442,"template":"","meta":[],"product_brand":[],"product_cat":[26],"product_tag":[183],"class_list":{"0":"post-3441","1":"product","2":"type-product","3":"status-publish","4":"has-post-thumbnail","6":"product_cat-vinegar-soy-sauce-sauces","7":"product_tag-spaghetti-sauce-sweet-style-560g","9":"first","10":"instock","11":"shipping-taxable","12":"purchasable","13":"product-type-simple"},"_links":{"self":[{"href":"https:\/\/aasiatoidupood.ee\/et\/wp-json\/wp\/v2\/product\/3441","targetHints":{"allow":["GET"]}}],"collection":[{"href":"https:\/\/aasiatoidupood.ee\/et\/wp-json\/wp\/v2\/product"}],"about":[{"href":"https:\/\/aasiatoidupood.ee\/et\/wp-json\/wp\/v2\/types\/product"}],"wp:featuredmedia":[{"embeddable":true,"href":"https:\/\/aasiatoidupood.ee\/et\/wp-json\/wp\/v2\/media\/3442"}],"wp:attachment":[{"href":"https:\/\/aasiatoidupood.ee\/et\/wp-json\/wp\/v2\/media?parent=3441"}],"wp:term":[{"taxonomy":"product_brand","embeddable":true,"href":"https:\/\/aasiatoidupood.ee\/et\/wp-json\/wp\/v2\/product_brand?post=3441"},{"taxonomy":"product_cat","embeddable":true,"href":"https:\/\/aasiatoidupood.ee\/et\/wp-json\/wp\/v2\/product_cat?post=3441"},{"taxonomy":"product_tag","embeddable":true,"href":"https:\/\/aasiatoidupood.ee\/et\/wp-json\/wp\/v2\/product_tag?post=3441"}],"curies":[{"name":"wp","href":"https:\/\/api.w.org\/{rel}","templated":true}]}}