{"id":3367,"date":"2022-11-24T11:32:41","date_gmt":"2022-11-24T11:32:41","guid":{"rendered":"https:\/\/aasiatoidupood.ee\/?post_type=product&#038;p=3367"},"modified":"2026-02-21T20:49:51","modified_gmt":"2026-02-21T20:49:51","slug":"instant-noodles-mi-goreng-80gr-indomie","status":"publish","type":"product","link":"https:\/\/aasiatoidupood.ee\/et\/toode\/instant-noodles-mi-goreng-80gr-indomie\/","title":{"rendered":"Kiirnuudlid Mi Goreng 80g INDOMIE (Indoneesia)"},"content":{"rendered":"<p>Kiirnuudlid<\/p>\n<p><strong>Kaubam\u00e4rk: <\/strong>Indomie<\/p>\n<p><strong>Netokaal: <\/strong>80g<\/p>\n<p><strong>Koostisosad:<\/strong><\/p>\n<p class=\"translation-block\"><strong>Nuudlid:<\/strong> nisujahu (67%), rafineeritud palmi\u00f5li (sisaldab antioks\u00fcdanti E319), sool, happesuse regulaatorid (E451, E501, E500), paksendaja (E412), v\u00e4rvaine (E101).<\/p>\n<p class=\"translation-block\"><strong>Maitseainepulber:<\/strong> suhkur, sool, maitsetugevdajad (E621, E627, E631), k\u00fc\u00fcslaugupulber, kunstlik kana maitse, sibulapulber, p\u00e4rmiekstrakt, v\u00e4rvaine (E150a), paakumisvastane aine (E551).<\/p>\n<p class=\"translation-block\"><strong>Maitseaine\u00f5li:<\/strong> rafineeritud palmi\u00f5li (sisaldab antioks\u00fcdanti E319, sibulat).<\/p>\n<p class=\"translation-block\"><strong>Magus sojakaste:<\/strong> suhkur, vesi, sool, nisu, sojaoad, v\u00fcrtsid, seesami\u00f5li.<\/p>\n<p>T\u0161illipulber<\/p>\n<p><strong>Allergeenid:<\/strong> Nuudlid: nisu; magus sojakaste: nisu, sojaoad, seesami\u00f5li; Toode v\u00f5ib sisaldada ka muna ja sulfitit.<\/p>\n<p><strong>Hoiustamine: <\/strong>Hoida jahedas ja kuivas kohas<\/p>\n<p><strong>Valmistamine:<\/strong><\/p>\n<ol>\n<li>Pane nuudlid keevasse vette (400 ml) ja hauta 3 minutit.<\/li>\n<li>Sega k\u00f5ik maitseainepakikesed (maitse j\u00e4rgi) taldrikul, samal ajal kui nuudlid keevad.<\/li>\n<li>T\u00f5sta nuudlid veest v\u00e4lja ja n\u00f5ruta h\u00e4sti.<\/li>\n<li>Lisa nuudlid maitseainesegule ja sega korralikult l\u00e4bi. Sinu maitsvad nuudlid on serveerimiseks valmis.<\/li>\n<\/ol>\n<p><strong>Toitumisalane teave (100g kohta):<\/strong><\/p>\n<table>\n<tbody>\n<tr>\n<td>Energiasisaldus<\/td>\n<td>2092 kJ \/ 500 kcal<\/td>\n<\/tr>\n<tr>\n<td>Rasvad:<\/td>\n<td>24.2g<\/td>\n<\/tr>\n<tr>\n<td>\u2013 millest k\u00fcllastunud:<\/td>\n<td>10.9g<\/td>\n<\/tr>\n<tr>\n<td>&#8211; of which mono unsaturates:<\/td>\n<td>0g<\/td>\n<\/tr>\n<tr>\n<td>&#8211; of which polyunsaturates:<\/td>\n<td>0g<\/td>\n<\/tr>\n<tr>\n<td>S\u00fcsivesikud:<\/td>\n<td>59.7g<\/td>\n<\/tr>\n<tr>\n<td>\u2013 millest suhkrud:<\/td>\n<td>6.2g<\/td>\n<\/tr>\n<tr>\n<td>Kiudained:<\/td>\n<td>2.3g<\/td>\n<\/tr>\n<tr>\n<td>Valgud:<\/td>\n<td>9.6g<\/td>\n<\/tr>\n<tr>\n<td>Sool:<\/td>\n<td>2.3g<\/td>\n<\/tr>\n<\/tbody>\n<\/table>\n<p><strong>P\u00e4ritolumaa:<\/strong> Indoneesia<\/p>\n<p><strong>Parim enne:<\/strong> Vaata pakendilt<\/p>","protected":false},"excerpt":{"rendered":"<p>Valmistatud: Indoneesias<\/p>","protected":false},"featured_media":837,"template":"","meta":[],"product_brand":[],"product_cat":[24],"product_tag":[],"class_list":{"0":"post-3367","1":"product","2":"type-product","3":"status-publish","4":"has-post-thumbnail","6":"product_cat-noodles-instant-noodles","8":"first","9":"instock","10":"shipping-taxable","11":"purchasable","12":"product-type-simple"},"_links":{"self":[{"href":"https:\/\/aasiatoidupood.ee\/et\/wp-json\/wp\/v2\/product\/3367","targetHints":{"allow":["GET"]}}],"collection":[{"href":"https:\/\/aasiatoidupood.ee\/et\/wp-json\/wp\/v2\/product"}],"about":[{"href":"https:\/\/aasiatoidupood.ee\/et\/wp-json\/wp\/v2\/types\/product"}],"wp:featuredmedia":[{"embeddable":true,"href":"https:\/\/aasiatoidupood.ee\/et\/wp-json\/wp\/v2\/media\/837"}],"wp:attachment":[{"href":"https:\/\/aasiatoidupood.ee\/et\/wp-json\/wp\/v2\/media?parent=3367"}],"wp:term":[{"taxonomy":"product_brand","embeddable":true,"href":"https:\/\/aasiatoidupood.ee\/et\/wp-json\/wp\/v2\/product_brand?post=3367"},{"taxonomy":"product_cat","embeddable":true,"href":"https:\/\/aasiatoidupood.ee\/et\/wp-json\/wp\/v2\/product_cat?post=3367"},{"taxonomy":"product_tag","embeddable":true,"href":"https:\/\/aasiatoidupood.ee\/et\/wp-json\/wp\/v2\/product_tag?post=3367"}],"curies":[{"name":"wp","href":"https:\/\/api.w.org\/{rel}","templated":true}]}}