{"id":2432,"date":"2022-04-02T14:17:29","date_gmt":"2022-04-02T14:17:29","guid":{"rendered":"https:\/\/aasiatoidupood.ee\/?post_type=product&#038;p=2432"},"modified":"2026-03-17T20:44:31","modified_gmt":"2026-03-17T20:44:31","slug":"tang-calamansi-powdered-juice-20g","status":"publish","type":"product","link":"https:\/\/aasiatoidupood.ee\/et\/toode\/tang-calamansi-powdered-juice-20g\/","title":{"rendered":"Tang Calamansi mahla pulber 19g"},"content":{"rendered":"<p>Calamansi maitsega lahustuv joogisegu.<\/p>\n<p><strong>Kaubam\u00e4rk:<\/strong> Mondelez<\/p>\n<p><strong>Netokaal:<\/strong> 19g<\/p>\n<p><strong>Koostisosad:<\/strong> Rafineeritud roosuhkur, happesuse regulaator (sidrunhape), kunstlikud magusained (aspartaam*, kaalium atsesulfaam), paakumisvastane aine (kaltsiumfosfaat), stabilisaator (naatriumkarboks\u00fcmet\u00fc\u00fcltselluloos), maitsetugevdaja (naatriumkloriid), looduslikud ja looduslikud vitamiini- ja maitse-, C-vitamiini- ja maitseained. Tsink, D-vitamiin), kalamansi pulbriline ekstrakt, v\u00e4rvainena titaandioksiid, kunstlikud v\u00e4rvained (tartrasiin, p\u00e4ikeseloojangukollane).<br \/>\n*Fen\u00fc\u00fclketonuuria: sisaldab fen\u00fc\u00fclalaniini<\/p>\n<p><strong>Hoiustamine:<\/strong> Hoida jahedas ja kuivas kohas.<\/p>\n<p><strong>Valmistamine:<\/strong> Vala sisu kannu, lisa 700ml k\u00fclma vett, sega l\u00e4bi, serveeri ja naudi. Sellest pakist saab 700 ml (0,7 L) jooki.<\/p>\n<p><strong>Toitumisalane teave (5g kohta):<\/strong><\/p>\n<table>\n<tbody>\n<tr>\n<td>Energiasisaldus<\/td>\n<td>20 kcal<\/td>\n<\/tr>\n<tr>\n<td>Rasvad:<\/td>\n<td>0g<\/td>\n<\/tr>\n<tr>\n<td>\u2013 millest k\u00fcllastunud:<\/td>\n<td>0g<\/td>\n<\/tr>\n<tr>\n<td>\u2013 millest transrasvad:<\/td>\n<td>0g<\/td>\n<\/tr>\n<tr>\n<td>S\u00fcsivesikud:<\/td>\n<td>4g<\/td>\n<\/tr>\n<tr>\n<td>\u2013 millest suhkrud:<\/td>\n<td>3g<\/td>\n<\/tr>\n<tr>\n<td>Kiudained:<\/td>\n<td>&lt;1g<\/td>\n<\/tr>\n<tr>\n<td>Valgud:<\/td>\n<td>0g<\/td>\n<\/tr>\n<tr>\n<td>Kolesterool:<\/td>\n<td>0g<\/td>\n<\/tr>\n<tr>\n<td>Naatrium:<\/td>\n<td>50mg<\/td>\n<\/tr>\n<tr>\n<td>Vitamin C:<\/td>\n<td>35mg<\/td>\n<\/tr>\n<tr>\n<td>Vitamin D:<\/td>\n<td>1.5\u03bcg<\/td>\n<\/tr>\n<tr>\n<td>Tsink:<\/td>\n<td>1.62mg<\/td>\n<\/tr>\n<\/tbody>\n<\/table>\n<p class=\"translation-block\"><strong>P\u00e4ritoluriik:<\/strong> Tai<\/p>\n<p><strong>Parim enne:<\/strong> Vaata pakendilt<\/p>","protected":false},"excerpt":{"rendered":"<p>Calamansi flavor instant drink mix. Brand: Mondelez Net weight: 19g Ingredients: Refined Cane Sugar, Acidity Regulator (Citric Acid), Artificial Sweeteners (Aspartame*, Acesulfame Potassium), Anti-Caking Agent (Calcium Phosphate), Stabilizer (Sodium Carboxymethylcellulose), Flavor Enhancer (Sodium Chloride), Natural and Nature-Identical Calamansi Flavor, Vitamins and Mineral (Vitamin C, Zinc, Vitamin D), Powdered Calamansi Extract,&hellip; <\/p>","protected":false},"featured_media":2409,"template":"","meta":[],"product_brand":[],"product_cat":[28],"product_tag":[],"class_list":{"0":"post-2432","1":"product","2":"type-product","3":"status-publish","4":"has-post-thumbnail","6":"product_cat-drinks","8":"first","9":"instock","10":"shipping-taxable","11":"purchasable","12":"product-type-simple"},"_links":{"self":[{"href":"https:\/\/aasiatoidupood.ee\/et\/wp-json\/wp\/v2\/product\/2432","targetHints":{"allow":["GET"]}}],"collection":[{"href":"https:\/\/aasiatoidupood.ee\/et\/wp-json\/wp\/v2\/product"}],"about":[{"href":"https:\/\/aasiatoidupood.ee\/et\/wp-json\/wp\/v2\/types\/product"}],"wp:featuredmedia":[{"embeddable":true,"href":"https:\/\/aasiatoidupood.ee\/et\/wp-json\/wp\/v2\/media\/2409"}],"wp:attachment":[{"href":"https:\/\/aasiatoidupood.ee\/et\/wp-json\/wp\/v2\/media?parent=2432"}],"wp:term":[{"taxonomy":"product_brand","embeddable":true,"href":"https:\/\/aasiatoidupood.ee\/et\/wp-json\/wp\/v2\/product_brand?post=2432"},{"taxonomy":"product_cat","embeddable":true,"href":"https:\/\/aasiatoidupood.ee\/et\/wp-json\/wp\/v2\/product_cat?post=2432"},{"taxonomy":"product_tag","embeddable":true,"href":"https:\/\/aasiatoidupood.ee\/et\/wp-json\/wp\/v2\/product_tag?post=2432"}],"curies":[{"name":"wp","href":"https:\/\/api.w.org\/{rel}","templated":true}]}}