{"id":2351,"date":"2022-03-24T15:43:55","date_gmt":"2022-03-24T15:43:55","guid":{"rendered":"https:\/\/aasiatoidupood.ee\/?post_type=product&#038;p=2351"},"modified":"2025-06-05T07:05:33","modified_gmt":"2025-06-05T07:05:33","slug":"mama-sitas-sweet-sour-sauce-mix-57g","status":"publish","type":"product","link":"https:\/\/aasiatoidupood.ee\/et\/toode\/mama-sitas-sweet-sour-sauce-mix-57g\/","title":{"rendered":"Mama Sita magushapu kastmesegu 57g"},"content":{"rendered":"<p><strong>Kaubam\u00e4rk:<\/strong> Mama Sita&#8217;s<\/p>\n<p><strong>Netokaal:<\/strong> 57g<\/p>\n<p><strong>Koostisosad:<\/strong> Roosuhkur, tomatipulber, maisit\u00e4rklis, sool, happesuse regulaator: E330, paprikapulber, ingveripulber, annatto seemned, maitseained. V\u00f5ib sisaldada nisu, v\u00e4hilaadsete, maap\u00e4hklite, sojapiima, selleri ja molluskite j\u00e4lgi.<\/p>\n<p><strong>Hoiustamine:<\/strong> Hoida kuivas kohas.<\/p>\n<p><strong>Valmistamine:<\/strong> (4-5 portsjonit) Lahustage 1 kotikese sisu 180 ml ananassimahlas v\u00f5i vees. Kuumuta keemiseni ja keeda pidevalt segades 2 minutit.<\/p>\n<p><strong>Toitumisalane teave (100g kohta):<\/strong><\/p>\n<table>\n<tbody>\n<tr>\n<td>Energiasisaldus<\/td>\n<td>1570 kJ \/ 376 kcal<\/td>\n<\/tr>\n<tr>\n<td>Rasvad:<\/td>\n<td>0,9 g<\/td>\n<\/tr>\n<tr>\n<td>\u2013 millest k\u00fcllastunud:<\/td>\n<td>0 g<\/td>\n<\/tr>\n<tr>\n<td>S\u00fcsivesikud:<\/td>\n<td>91 g<\/td>\n<\/tr>\n<tr>\n<td>\u2013 millest suhkrud:<\/td>\n<td>80 g<\/td>\n<\/tr>\n<tr>\n<td>Valgud:<\/td>\n<td>0,9 g<\/td>\n<\/tr>\n<tr>\n<td>Sool:<\/td>\n<td>3,9 g<\/td>\n<\/tr>\n<\/tbody>\n<\/table>\n<p class=\"translation-block\"><strong>P\u00e4ritoluriik:<\/strong> Filipiinid<\/p>\n<p><strong>Parim enne:<\/strong> Vaata pakendilt<\/p>","protected":false},"excerpt":{"rendered":"<p>Brand: Mama Sita&#8217;s Net weight: 57g Ingredients: Cane sugar, tomato powder, corn starch, salt, acidity regulator: E330, paprika powder, ginger powder, annatto seeds, spices. May contain traces of wheat, crustaceans, peanuts, soy milk, celery and molluscs. Storage: Store in a dry place. Preparation: (4-5 servings) Dissolve content of 1 pouch&hellip; <\/p>","protected":false},"featured_media":2352,"template":"","meta":[],"product_brand":[],"product_cat":[26,20],"product_tag":[],"class_list":{"0":"post-2351","1":"product","2":"type-product","3":"status-publish","4":"has-post-thumbnail","6":"product_cat-vinegar-soy-sauce-sauces","7":"product_cat-seasoning","9":"first","10":"instock","11":"shipping-taxable","12":"purchasable","13":"product-type-simple"},"_links":{"self":[{"href":"https:\/\/aasiatoidupood.ee\/et\/wp-json\/wp\/v2\/product\/2351","targetHints":{"allow":["GET"]}}],"collection":[{"href":"https:\/\/aasiatoidupood.ee\/et\/wp-json\/wp\/v2\/product"}],"about":[{"href":"https:\/\/aasiatoidupood.ee\/et\/wp-json\/wp\/v2\/types\/product"}],"wp:featuredmedia":[{"embeddable":true,"href":"https:\/\/aasiatoidupood.ee\/et\/wp-json\/wp\/v2\/media\/2352"}],"wp:attachment":[{"href":"https:\/\/aasiatoidupood.ee\/et\/wp-json\/wp\/v2\/media?parent=2351"}],"wp:term":[{"taxonomy":"product_brand","embeddable":true,"href":"https:\/\/aasiatoidupood.ee\/et\/wp-json\/wp\/v2\/product_brand?post=2351"},{"taxonomy":"product_cat","embeddable":true,"href":"https:\/\/aasiatoidupood.ee\/et\/wp-json\/wp\/v2\/product_cat?post=2351"},{"taxonomy":"product_tag","embeddable":true,"href":"https:\/\/aasiatoidupood.ee\/et\/wp-json\/wp\/v2\/product_tag?post=2351"}],"curies":[{"name":"wp","href":"https:\/\/api.w.org\/{rel}","templated":true}]}}