{"id":2123,"date":"2022-01-25T17:06:16","date_gmt":"2022-01-25T17:06:16","guid":{"rendered":"https:\/\/aasiatoidupood.ee\/?post_type=product&#038;p=2123"},"modified":"2025-05-04T15:55:25","modified_gmt":"2025-05-04T15:55:25","slug":"thai-food-king-green-curry-paste-400g","status":"publish","type":"product","link":"https:\/\/aasiatoidupood.ee\/et\/toode\/thai-food-king-green-curry-paste-400g\/","title":{"rendered":"Thai Food King rohelise karri pasta 400g"},"content":{"rendered":"<p><strong>Kaubam\u00e4rk:<\/strong> Thai Food King<\/p>\n<p><strong>Netokaal:<\/strong> 400g<\/p>\n<p><strong>Koostisosad:<\/strong> V\u00e4rske roheline t\u0161illi 33%, sidrunhein, k\u00fc\u00fcslauk, \u0161alottsibul, sool, galangal, k\u00f6\u00f6mned, koriandriseemned.<\/p>\n<p><strong>Hoiustamine:<\/strong> Hoida jahedas ja kuivas kohas. P\u00e4rast avamist hoida k\u00fclmkapis.<\/p>\n<p><strong>Valmistamine:<\/strong><\/p>\n<p class=\"translation-block\">1. Segage 50 g karripastat 2 spl taime\u00f5liga (\u00f5rnal kuumusel 1 minut)<br>\n2. Vala 400 ml kookospiima ja j\u00e4tka segamist (keskmisel kuumusel 1 minut)<br>\n3. Pange 250 g oma lemmikliha ja segage, kuni see on valmis.<br>\n4. Soovi korral lisa kalakastet, palmisuhkrut v\u00f5i maitseaineid.<br>\n5. Pane 60g h\u00e4sti t\u00fckeldatud bakla\u017eaane ja keeda valmis, pane peale basiilikulehti, kaffirlaimi lehti ja v\u00e4rsket t\u0161illit.<br>\n6. Meisterda enne basiilikulehtedega, Serveeri aurutatud riisiga.<\/p>\n<p><strong>Toitumisalane teave (100g kohta):<\/strong><\/p>\n<table>\n<tbody>\n<tr>\n<td>Energiasisaldus<\/td>\n<td>448 kJ \/ 108 kcal<\/td>\n<\/tr>\n<tr>\n<td>Rasvad:<\/td>\n<td>5.1 g<\/td>\n<\/tr>\n<tr>\n<td>\u2013 millest k\u00fcllastunud:<\/td>\n<td>2.1 g<\/td>\n<\/tr>\n<tr>\n<td>S\u00fcsivesikud:<\/td>\n<td>11 g<\/td>\n<\/tr>\n<tr>\n<td>\u2013 millest suhkrud:<\/td>\n<td>5.3 g<\/td>\n<\/tr>\n<tr>\n<td>Kiudained:<\/td>\n<td>5.8 g<\/td>\n<\/tr>\n<tr>\n<td>Valgud:<\/td>\n<td>1.8 g<\/td>\n<\/tr>\n<tr>\n<td>Sool:<\/td>\n<td>14.1 g<\/td>\n<\/tr>\n<\/tbody>\n<\/table>\n<p class=\"translation-block\"><strong>P\u00e4ritoluriik:<\/strong> Tai<\/p>\n<p><strong>Parim enne:<\/strong> 04.08.2025<\/p>","protected":false},"excerpt":{"rendered":"<p>Brand: Thai Food King Net weight: 400g Ingredients: Fresh green chilli 33%, lemongrass, garlic, shallot, salt, galangal, cumin, coriander seeds. Storage: Store in a cool dry place. Refrigerate after opening. Preparation: 1. Stir 50g of curry paste with 2 tablespoon of vegetable oil (gentle heat 1 minute) 2. Pour 400ml&hellip; <\/p>","protected":false},"featured_media":2222,"template":"","meta":[],"product_brand":[],"product_cat":[26,20],"product_tag":[],"class_list":{"0":"post-2123","1":"product","2":"type-product","3":"status-publish","4":"has-post-thumbnail","6":"product_cat-vinegar-soy-sauce-sauces","7":"product_cat-seasoning","9":"first","10":"instock","11":"shipping-taxable","12":"purchasable","13":"product-type-simple"},"_links":{"self":[{"href":"https:\/\/aasiatoidupood.ee\/et\/wp-json\/wp\/v2\/product\/2123","targetHints":{"allow":["GET"]}}],"collection":[{"href":"https:\/\/aasiatoidupood.ee\/et\/wp-json\/wp\/v2\/product"}],"about":[{"href":"https:\/\/aasiatoidupood.ee\/et\/wp-json\/wp\/v2\/types\/product"}],"wp:featuredmedia":[{"embeddable":true,"href":"https:\/\/aasiatoidupood.ee\/et\/wp-json\/wp\/v2\/media\/2222"}],"wp:attachment":[{"href":"https:\/\/aasiatoidupood.ee\/et\/wp-json\/wp\/v2\/media?parent=2123"}],"wp:term":[{"taxonomy":"product_brand","embeddable":true,"href":"https:\/\/aasiatoidupood.ee\/et\/wp-json\/wp\/v2\/product_brand?post=2123"},{"taxonomy":"product_cat","embeddable":true,"href":"https:\/\/aasiatoidupood.ee\/et\/wp-json\/wp\/v2\/product_cat?post=2123"},{"taxonomy":"product_tag","embeddable":true,"href":"https:\/\/aasiatoidupood.ee\/et\/wp-json\/wp\/v2\/product_tag?post=2123"}],"curies":[{"name":"wp","href":"https:\/\/api.w.org\/{rel}","templated":true}]}}