{"id":2079,"date":"2021-12-30T11:39:29","date_gmt":"2021-12-30T11:39:29","guid":{"rendered":"https:\/\/aasiatoidupood.ee\/?post_type=product&#038;p=2079"},"modified":"2025-06-20T22:50:41","modified_gmt":"2025-06-20T22:50:41","slug":"royal-umbrella-thai-sweet-glutinous-rice-5kg","status":"publish","type":"product","link":"https:\/\/aasiatoidupood.ee\/et\/toode\/royal-umbrella-thai-sweet-glutinous-rice-5kg\/","title":{"rendered":"Royal Umbrella Tai magus kleepuv riis 4.5kg"},"content":{"rendered":"<p>Tai magus kleepuv riis.<\/p>\n<p><strong>Kaubam\u00e4rk:<\/strong> Royal Umbrella<\/p>\n<p><strong>Netokaal:<\/strong> 4.5kg<\/p>\n<p><strong>Koostisosad:<\/strong> 100% Tai kleepuv riis<\/p>\n<p><strong>Hoiustamine:<\/strong> Hoida jahedas ja kuivas.<\/p>\n<p><strong>Valmistamine:<\/strong><\/p>\n<p class=\"translation-block\">1. Leota kleepuvat riisi t\u00e4ielikult vees 2\u201310 tundi. Olenevalt riisi vanusest.<br>\n2. Lisage aurupotti vesi ja laske keema t\u00f5usta.<br>\n3. P\u00e4rast leotamist t\u00fchjendage riisilt liigne vesi ja pange riis Huati v\u00f5i samav\u00e4\u00e4rsesse anumasse.<br>\n4. Asetage anum \u201cHuat\u201d aurupoti kohale ja katke kaanega. Keeda riisi auruga keskmisel kuumusel 30\u201345 minutit. Asetage riis sobivasse anumasse ja serveerige.<\/p>\n<p><strong>Toitumisalane teave (100g kohta):<\/strong><\/p>\n<table>\n<tbody>\n<tr>\n<td>Energiasisaldus<\/td>\n<td>1492 kJ \/ 351 kcal<\/td>\n<\/tr>\n<tr>\n<td>Rasvad:<\/td>\n<td>&lt; 0.5 g<\/td>\n<\/tr>\n<tr>\n<td>\u2013 millest k\u00fcllastunud:<\/td>\n<td>0.2 g<\/td>\n<\/tr>\n<tr>\n<td>S\u00fcsivesikud:<\/td>\n<td>79 g<\/td>\n<\/tr>\n<tr>\n<td>\u2013 millest suhkrud:<\/td>\n<td>0 g<\/td>\n<\/tr>\n<tr>\n<td>Kiudained:<\/td>\n<td>1.2 g<\/td>\n<\/tr>\n<tr>\n<td>Valgud:<\/td>\n<td>6.8 g<\/td>\n<\/tr>\n<tr>\n<td>Sool:<\/td>\n<td>0 g<\/td>\n<\/tr>\n<\/tbody>\n<\/table>\n<p class=\"translation-block\"><strong>P\u00e4ritoluriik:<\/strong> Tai<\/p>\n<p><strong>Parim enne:<\/strong> 07.2026<\/p>","protected":false},"excerpt":{"rendered":"<p>Thai sweet glutinous rice. Brand: Royal Umbrella Net weight: 4.5kg Ingredients: 100% Thai Glutinous Rice Storage: Keep cool and dry. Preparation: 1. Completely soak glutinous rice in water for 2 to 10 hours. Depending on the age of rice. 2. Add water to steam pot and bring to boil. 3.&hellip; <\/p>","protected":false},"featured_media":2074,"template":"","meta":[],"product_brand":[],"product_cat":[24],"product_tag":[],"class_list":{"0":"post-2079","1":"product","2":"type-product","3":"status-publish","4":"has-post-thumbnail","6":"product_cat-noodles-instant-noodles","8":"first","9":"instock","10":"shipping-taxable","11":"purchasable","12":"product-type-simple"},"_links":{"self":[{"href":"https:\/\/aasiatoidupood.ee\/et\/wp-json\/wp\/v2\/product\/2079","targetHints":{"allow":["GET"]}}],"collection":[{"href":"https:\/\/aasiatoidupood.ee\/et\/wp-json\/wp\/v2\/product"}],"about":[{"href":"https:\/\/aasiatoidupood.ee\/et\/wp-json\/wp\/v2\/types\/product"}],"wp:featuredmedia":[{"embeddable":true,"href":"https:\/\/aasiatoidupood.ee\/et\/wp-json\/wp\/v2\/media\/2074"}],"wp:attachment":[{"href":"https:\/\/aasiatoidupood.ee\/et\/wp-json\/wp\/v2\/media?parent=2079"}],"wp:term":[{"taxonomy":"product_brand","embeddable":true,"href":"https:\/\/aasiatoidupood.ee\/et\/wp-json\/wp\/v2\/product_brand?post=2079"},{"taxonomy":"product_cat","embeddable":true,"href":"https:\/\/aasiatoidupood.ee\/et\/wp-json\/wp\/v2\/product_cat?post=2079"},{"taxonomy":"product_tag","embeddable":true,"href":"https:\/\/aasiatoidupood.ee\/et\/wp-json\/wp\/v2\/product_tag?post=2079"}],"curies":[{"name":"wp","href":"https:\/\/api.w.org\/{rel}","templated":true}]}}