{"id":1746,"date":"2021-10-13T14:22:38","date_gmt":"2021-10-13T14:22:38","guid":{"rendered":"https:\/\/aasiatoidupood.ee\/?post_type=product&#038;p=1746"},"modified":"2025-09-05T13:41:15","modified_gmt":"2025-09-05T13:41:15","slug":"monika-monamon-dilis-340g","status":"publish","type":"product","link":"https:\/\/aasiatoidupood.ee\/et\/toode\/monika-monamon-dilis-340g\/","title":{"rendered":"Monika Monamon Dilis 340g"},"content":{"rendered":"<p>Fermenteeritud soolakala.<\/p>\n<p><strong>Kaubam\u00e4rk:<\/strong> Monika<\/p>\n<p><strong>Netokaal:<\/strong> 340g<\/p>\n<p><strong>Koostisosad:<\/strong> Fermenteeritud kala (Spratelloides gracilis), sool 17%, vesi, roo\u00e4\u00e4dikas, maitsetugevdaja: E621, s\u00e4ilitusaine: E211.<\/p>\n<p><strong>Allergeenid:<\/strong> kala<\/p>\n<p><strong>Hoiustamine:<\/strong> P\u00e4rast avamist hoida k\u00fclmkapis piiratud s\u00e4ilivusaja jooksul.<\/p>\n<p><strong>Toitumisalane teave (100g kohta):<\/strong><\/p>\n<table>\n<tbody>\n<tr>\n<td>Energiasisaldus<\/td>\n<td>315 kJ \/ 75 kcal<\/td>\n<\/tr>\n<tr>\n<td>Rasvad:<\/td>\n<td>2,5 g<\/td>\n<\/tr>\n<tr>\n<td>\u2013 millest k\u00fcllastunud:<\/td>\n<td>0 g<\/td>\n<\/tr>\n<tr>\n<td>S\u00fcsivesikud:<\/td>\n<td>1,8 g<\/td>\n<\/tr>\n<tr>\n<td>\u2013 millest suhkrud:<\/td>\n<td>0 g<\/td>\n<\/tr>\n<tr>\n<td>Valgud:<\/td>\n<td>11 g<\/td>\n<\/tr>\n<tr>\n<td>Sool:<\/td>\n<td>17,3 g<\/td>\n<\/tr>\n<\/tbody>\n<\/table>\n<p class=\"translation-block\"><strong>P\u00e4ritoluriik:<\/strong> Filipiinid<\/p>\n<p><strong>Parim enne:<\/strong> Vaata pakendilt<\/p>","protected":false},"excerpt":{"rendered":"<p>Fermented salted fish. Brand: Monika Net weight: 340g Ingredients: Fermented fish (Spratelloides gracilis), salt 17%, water, cane vinegar, flavour enhancer: E621, preservative: E211. Allergens: fish Storage: Keep refrigerated after opening, for limited shelf life. Nutritional information (per 100g): Energy: 315 kJ \/ 75 kcal Fat: 2,5 g &#8211; of which&hellip; <\/p>","protected":false},"featured_media":2691,"template":"","meta":[],"product_brand":[],"product_cat":[15],"product_tag":[],"class_list":{"0":"post-1746","1":"product","2":"type-product","3":"status-publish","4":"has-post-thumbnail","6":"product_cat-cans-pickled-dried-bottled-products","8":"first","9":"instock","10":"shipping-taxable","11":"purchasable","12":"product-type-simple"},"_links":{"self":[{"href":"https:\/\/aasiatoidupood.ee\/et\/wp-json\/wp\/v2\/product\/1746","targetHints":{"allow":["GET"]}}],"collection":[{"href":"https:\/\/aasiatoidupood.ee\/et\/wp-json\/wp\/v2\/product"}],"about":[{"href":"https:\/\/aasiatoidupood.ee\/et\/wp-json\/wp\/v2\/types\/product"}],"wp:featuredmedia":[{"embeddable":true,"href":"https:\/\/aasiatoidupood.ee\/et\/wp-json\/wp\/v2\/media\/2691"}],"wp:attachment":[{"href":"https:\/\/aasiatoidupood.ee\/et\/wp-json\/wp\/v2\/media?parent=1746"}],"wp:term":[{"taxonomy":"product_brand","embeddable":true,"href":"https:\/\/aasiatoidupood.ee\/et\/wp-json\/wp\/v2\/product_brand?post=1746"},{"taxonomy":"product_cat","embeddable":true,"href":"https:\/\/aasiatoidupood.ee\/et\/wp-json\/wp\/v2\/product_cat?post=1746"},{"taxonomy":"product_tag","embeddable":true,"href":"https:\/\/aasiatoidupood.ee\/et\/wp-json\/wp\/v2\/product_tag?post=1746"}],"curies":[{"name":"wp","href":"https:\/\/api.w.org\/{rel}","templated":true}]}}