{"id":1424,"date":"2021-08-23T13:26:31","date_gmt":"2021-08-23T13:26:31","guid":{"rendered":"https:\/\/aasiatoidupood.ee\/?post_type=product&#038;p=1424"},"modified":"2025-12-29T10:06:46","modified_gmt":"2025-12-29T10:06:46","slug":"champorado-227g","status":"publish","type":"product","link":"https:\/\/aasiatoidupood.ee\/et\/toode\/champorado-227g\/","title":{"rendered":"Champorado 227g"},"content":{"rendered":"<p>Sega \u0161okolaadi-riisipudru jaoks.<\/p>\n<p><strong>Kaubam\u00e4rk:<\/strong> White King<\/p>\n<p><strong>Netokaal:<\/strong> 227g<\/p>\n<p><strong>Koostisosad:<\/strong> Liimjas riis, maisit\u00e4rklis, kakaopulber 12%, jodeeritud sool (rafineeritud sool, kaaliumjodaat), antioks\u00fcdant: E339, paakumisvastane aine: E341.<\/p>\n<p><strong>Allergeenid:<\/strong> See toode v\u00f5ib sisaldada j\u00e4lgi sojaubadest, piimast ja sellerist.<\/p>\n<p><strong>Hoiustamine:<\/strong> Hoida kuivas kohas.<\/p>\n<p><strong>Valmistamine:<\/strong> Segage segu ja 3\/4 tassi suhkrut 5 tassi veega (1250 ml) kastrulis. Sega kuni t\u00fckkideta. Keeda ja j\u00e4tkake k\u00fcpsetamist aeg-ajalt segades 8-10 minutit v\u00f5i kuni riis on valmis. Serveeri soovi korral piimaga.<\/p>\n<p><strong>Toitumisalane teave (100g kohta):<\/strong><\/p>\n<table>\n<tbody>\n<tr>\n<td>Energiasisaldus<\/td>\n<td>1473 kJ \/ 352 kcal<\/td>\n<\/tr>\n<tr>\n<td>Rasvad:<\/td>\n<td>1.5g<\/td>\n<\/tr>\n<tr>\n<td>\u2013 millest k\u00fcllastunud:<\/td>\n<td>1.3g<\/td>\n<\/tr>\n<tr>\n<td>S\u00fcsivesikud:<\/td>\n<td>78g<\/td>\n<\/tr>\n<tr>\n<td>\u2013 millest suhkrud:<\/td>\n<td>0g<\/td>\n<\/tr>\n<tr>\n<td>Valgud:<\/td>\n<td>6.7g<\/td>\n<\/tr>\n<tr>\n<td>Sool:<\/td>\n<td>2.6g<\/td>\n<\/tr>\n<\/tbody>\n<\/table>\n<p class=\"translation-block\"><strong>P\u00e4ritoluriik:<\/strong> Filipiinid<\/p>\n<p><strong>Parim enne:<\/strong> Vaata pakendilt<\/p>\n<p><iframe loading=\"lazy\" title=\"White King Champorado Mix 113g.@VinzwholesaleF&amp;BMalaysia\" width=\"1170\" height=\"878\" src=\"https:\/\/www.youtube.com\/embed\/7YX4i3iD1to?feature=oembed\" frameborder=\"0\" allow=\"accelerometer; autoplay; clipboard-write; encrypted-media; gyroscope; picture-in-picture; web-share\" referrerpolicy=\"strict-origin-when-cross-origin\" allowfullscreen><\/iframe><\/p>","protected":false},"excerpt":{"rendered":"<p>Mix for chocolate rice porridge. Brand: White King Net weight: 227g Ingredients: Glutinous rice, corn starch, cocoa powder 12%, iodized salt (refined salt, potassium iodate), antioxidant: E339, anti-caking agent: E341. Allergens: This product may contain traces of soybeans, milk and celery. Storage: Store in a dry place. Preparation: Combine the&hellip; <\/p>","protected":false},"featured_media":7069,"template":"","meta":[],"product_brand":[],"product_cat":[22,24],"product_tag":[],"class_list":{"0":"post-1424","1":"product","2":"type-product","3":"status-publish","4":"has-post-thumbnail","6":"product_cat-desserts","7":"product_cat-noodles-instant-noodles","9":"first","10":"instock","11":"shipping-taxable","12":"purchasable","13":"product-type-simple"},"_links":{"self":[{"href":"https:\/\/aasiatoidupood.ee\/et\/wp-json\/wp\/v2\/product\/1424","targetHints":{"allow":["GET"]}}],"collection":[{"href":"https:\/\/aasiatoidupood.ee\/et\/wp-json\/wp\/v2\/product"}],"about":[{"href":"https:\/\/aasiatoidupood.ee\/et\/wp-json\/wp\/v2\/types\/product"}],"wp:featuredmedia":[{"embeddable":true,"href":"https:\/\/aasiatoidupood.ee\/et\/wp-json\/wp\/v2\/media\/7069"}],"wp:attachment":[{"href":"https:\/\/aasiatoidupood.ee\/et\/wp-json\/wp\/v2\/media?parent=1424"}],"wp:term":[{"taxonomy":"product_brand","embeddable":true,"href":"https:\/\/aasiatoidupood.ee\/et\/wp-json\/wp\/v2\/product_brand?post=1424"},{"taxonomy":"product_cat","embeddable":true,"href":"https:\/\/aasiatoidupood.ee\/et\/wp-json\/wp\/v2\/product_cat?post=1424"},{"taxonomy":"product_tag","embeddable":true,"href":"https:\/\/aasiatoidupood.ee\/et\/wp-json\/wp\/v2\/product_tag?post=1424"}],"curies":[{"name":"wp","href":"https:\/\/api.w.org\/{rel}","templated":true}]}}