{"id":102,"date":"2021-01-11T21:50:44","date_gmt":"2021-01-11T21:50:44","guid":{"rendered":"https:\/\/aasiatoidupood.ee\/?post_type=product&#038;p=102"},"modified":"2025-05-01T21:30:14","modified_gmt":"2025-05-01T21:30:14","slug":"knorr-sinigang-sa-sampalok-mix-gabi","status":"publish","type":"product","link":"https:\/\/aasiatoidupood.ee\/et\/toode\/knorr-sinigang-sa-sampalok-mix-gabi\/","title":{"rendered":"Knorr Sinigang Sa Sampalok Mix Gabi"},"content":{"rendered":"<p><strong>Valmistamine:<\/strong><\/p>\n<p>1. Sega pannil 10 tassi vett (68 Fl Oz) ja Knorr\u00ae Gabi stiilis Tamarindisuppi. Lase keema.;<br \/>\n2. Lisage teised koostisosad ja k\u00fcpsetage oma retsepti j\u00e4rgi.<br \/>\n3. Naudi oma Sinigangi lemmikrooga riisiga!<\/p>\n<p><strong>Koostisosad:<\/strong><br \/>\nJodeeritud sool, toiduhape (sidrun), maitsetugevdaja (MSG), tamarind, nisujahu, paksendaja (ksantaan), suhkur, taro, tomat, sibul, looduslik maitseaine, krevetid, palmi\u00f5li, v\u00fcrtsid, v\u00e4rv (karamell), t\u00f5eline Gabi Bit.<\/p>\n<p><strong>Allergeenid:<\/strong><br \/>\nSisaldab: Piim, koorikloomad, gluteeni sisaldavad teraviljad<\/p>\n<p><strong>Toitumisalane teave:<\/strong><\/p>\n<table>\n<tbody>\n<tr>\n<td>Energia<\/td>\n<td>5 kcal<\/td>\n<\/tr>\n<tr>\n<td>Rasvad<\/td>\n<td><\/td>\n<\/tr>\n<tr>\n<td>\u2013 millest k\u00fcllastunud rasvu<\/td>\n<td><\/td>\n<\/tr>\n<tr>\n<td>Sool<\/td>\n<td>440 mg<\/td>\n<\/tr>\n<tr>\n<td>S\u00fcsivesikud<\/td>\n<td>1 g<\/td>\n<\/tr>\n<tr>\n<td>\u00a0\u2013 millest suhkrud<\/td>\n<td>0 g<\/td>\n<\/tr>\n<tr>\n<td>Valgud:<\/td>\n<td>0 g<\/td>\n<\/tr>\n<\/tbody>\n<\/table>\n<p><iframe loading=\"lazy\" title=\"HOW TO COOK- PORK SINIGANG WITH GABI - KNORR SINIGANG SA SAMPALOK WITH GABI MIX #24\" width=\"1170\" height=\"658\" src=\"https:\/\/www.youtube.com\/embed\/N1Z6Au3XQrE?feature=oembed\" frameborder=\"0\" allow=\"accelerometer; autoplay; clipboard-write; encrypted-media; gyroscope; picture-in-picture; web-share\" referrerpolicy=\"strict-origin-when-cross-origin\" allowfullscreen><\/iframe><\/p>","protected":false},"excerpt":{"rendered":"<p>Preparation: 1. Combine 10 cups of water (68 Fl Oz) and Knorr\u00ae Gabi-style Tamarind Soup Mix in a pan. Bring to boil.; 2. Add in other ingredients and cook following your recipe.; 3. Enjoy your favorite Sinigang dish with rice! Ingredients: Iodized Salt, Food Acid (Citric), Falvor Enhancer (MSG), Tamarind,&hellip; <\/p>","protected":false},"featured_media":3141,"template":"","meta":[],"product_brand":[],"product_cat":[20],"product_tag":[],"class_list":{"0":"post-102","1":"product","2":"type-product","3":"status-publish","4":"has-post-thumbnail","6":"product_cat-seasoning","8":"first","9":"instock","10":"shipping-taxable","11":"purchasable","12":"product-type-simple"},"_links":{"self":[{"href":"https:\/\/aasiatoidupood.ee\/et\/wp-json\/wp\/v2\/product\/102","targetHints":{"allow":["GET"]}}],"collection":[{"href":"https:\/\/aasiatoidupood.ee\/et\/wp-json\/wp\/v2\/product"}],"about":[{"href":"https:\/\/aasiatoidupood.ee\/et\/wp-json\/wp\/v2\/types\/product"}],"wp:featuredmedia":[{"embeddable":true,"href":"https:\/\/aasiatoidupood.ee\/et\/wp-json\/wp\/v2\/media\/3141"}],"wp:attachment":[{"href":"https:\/\/aasiatoidupood.ee\/et\/wp-json\/wp\/v2\/media?parent=102"}],"wp:term":[{"taxonomy":"product_brand","embeddable":true,"href":"https:\/\/aasiatoidupood.ee\/et\/wp-json\/wp\/v2\/product_brand?post=102"},{"taxonomy":"product_cat","embeddable":true,"href":"https:\/\/aasiatoidupood.ee\/et\/wp-json\/wp\/v2\/product_cat?post=102"},{"taxonomy":"product_tag","embeddable":true,"href":"https:\/\/aasiatoidupood.ee\/et\/wp-json\/wp\/v2\/product_tag?post=102"}],"curies":[{"name":"wp","href":"https:\/\/api.w.org\/{rel}","templated":true}]}}